{"id":1957,"date":"2024-07-10T13:53:45","date_gmt":"2024-07-10T11:53:45","guid":{"rendered":"https:\/\/ake-bearings.com\/?page_id=1957"},"modified":"2024-07-10T13:54:08","modified_gmt":"2024-07-10T11:54:08","slug":"cookies","status":"publish","type":"page","link":"https:\/\/ake-bearings.com\/sk\/cookies\/","title":{"rendered":"Cookies"},"content":{"rendered":"<h2>S\u00fahlas<\/h2>\n<p><strong>T\u00e1to webstr\u00e1nka vyu\u017e\u00edva s\u00fabory cookies<\/strong><br>Pou\u017e\u00edvame s\u00fabory cookies na&nbsp;prisp\u00f4sobenie obsahu a&nbsp;rekl\u00e1m, poskytovanie funkci\u00ed soci\u00e1lnych m\u00e9di\u00ed a&nbsp;na anal\u00fdzu n\u00e1v\u0161tevnosti. Inform\u00e1cie o&nbsp;tom, ako&nbsp;pou\u017e\u00edvate na\u0161e webov\u00e9 str\u00e1nky, zdie\u013eame aj v&nbsp;na\u0161imi partnermi v&nbsp;oblasti soci\u00e1lnych m\u00e9di\u00ed, reklamy a&nbsp;anal\u00fdzy. Na\u0161i partneri m\u00f4\u017eu kombinova\u0165 tieto inform\u00e1cie v&nbsp;\u010fal\u0161\u00edmi \u00fadajmi, ktor\u00e9 v\u00e1m poskytli alebo z\u00edskali do&nbsp;v\u00e1s pri pou\u017e\u00edvan\u00ed ich slu\u017eieb.<\/p>\n<h2>Detaily<\/h2>\n<h3>potrebn\u00e9<\/h3>\n<p>Potrebn\u00e9 s\u00fabory cookies pom\u00e1haj\u00fa vytv\u00e1ra\u0165 pou\u017eite\u013en\u00e9 webov\u00e9 str\u00e1nky t\u00fdm, \u017ee&nbsp;umo\u017e\u0148uj\u00fa z\u00e1kladn\u00e9 funkcie, ako&nbsp;je navig\u00e1cia a&nbsp;pr\u00edstup k&nbsp;chr\u00e1nenej oblasti webu. Bez t\u00fdchto s\u00faborov cookies by webov\u00e9 str\u00e1nky nemohli fungova\u0165.<\/p><hr><h4>ake-bearings.com<\/h4><br>Pou\u017e\u00edva sa na&nbsp;zistenie, \u010di n\u00e1v\u0161tevn\u00edk s\u00fahlasil v&nbsp;nevyhnutn\u00fdmi a\/alebo analytick\u00fdmi a\/alebo marketingov\u00fdmi s\u00fabormi cookie v&nbsp;banneri. Tento s\u00fabor cookie je potrebn\u00fd pre&nbsp;zodpovednos\u0165 webovej str\u00e1nky vo\u010di GDPR.<br><strong>N\u00e1zov cookie:<\/strong> cookie-agree-with-use<br><strong>Platnos\u0165 do:<\/strong> 6 mesiacov<br><strong>Adresa:<\/strong> AKE Skalica, s.r.o. N\u00e1dra\u017en\u00e1 33 909 01 Skalica Slovakia<br><strong>Typ:<\/strong> HTTP<br><strong>Link (bli\u017e\u0161ie inform\u00e1cie o&nbsp;cookies):<\/strong> <a href=\"https:\/\/ake-bearings.com\/cookies\">https:\/\/ake-bearings.com\/cookies<\/a><hr><h4>ake-bearings.com<\/h4><br>Pou\u017e\u00edvaj\u00fa sa na&nbsp;zistenie, \u010di m\u00e1 n\u00e1v\u0161tevn\u00edk povolen\u00e9 ukladanie s\u00faborov cookie a&nbsp;\u010di je prihl\u00e1sen\u00fd do&nbsp;redak\u010dn\u00e9ho syst\u00e9mu. Ak je prihl\u00e1sen\u00fd, tieto s\u00fabory cookie mu umo\u017e\u0148uj\u00fa zobrazi\u0165 redak\u010dn\u00fd syst\u00e9m v&nbsp;zachovan\u00fdmi nastaveniami, ktor\u00e9 u\u017e\u00edvate\u013e vybral.<br><strong>N\u00e1zov cookie:<\/strong> wordpress_test_cookie, wordpress_logged_in_#, wordpress_sec_#, wp-settings-#, wp-settings-time-#, wp-wpml_current_language, wp-wpml_current_admin_language_#, wp_lang<br><strong>Platnos\u0165 do:<\/strong> 6 mesiacov<br><strong>Adresa:<\/strong> AKE Skalica, s.r.o. N\u00e1dra\u017en\u00e1 33 909 01 Skalica Slovakia<br><strong>Typ:<\/strong> HTTP<br><strong>Link (bli\u017e\u0161ie inform\u00e1cie o&nbsp;cookies):<\/strong> <a href=\"https:\/\/ake-bearings.com\/cookies\">https:\/\/ake-bearings.com\/cookies<\/a><h3>\u0160tatistiky<\/h3>\n<p>\u0160tatistick\u00e9 s\u00fabory cookie pom\u00e1haj\u00fa vlastn\u00edkom webov\u00fdch str\u00e1nok pochopi\u0165, ako&nbsp;n\u00e1v\u0161tevn\u00edci interaguj\u00fa v&nbsp;webov\u00fdmi str\u00e1nkami anonymn\u00fdm zhroma\u017e\u010fovan\u00edm a&nbsp;oznamovan\u00edm inform\u00e1ci\u00ed.<\/p><hr><h4>Google Analytics<\/h4><br>Z\u00edskavanie anonymizovan\u00fdch \u0161tatistick\u00fdch \u00fadajov o&nbsp;pou\u017e\u00edvan\u00ed webovej str\u00e1nky.<br><strong>Platnos\u0165 do:<\/strong> 6 mesiacov<br><strong>Adresa:<\/strong>Google Ireland Limited Gordon House, Barrow Street, Dublin 4, Ireland<br><strong>Typ:<\/strong> HTTP<br><strong>Link (bli\u017e\u0161ie inform\u00e1cie o&nbsp;ochrane s\u00fakromia):<\/strong> <a href=\"https:\/\/support.google.com\/analytics\/topic\/2919631?hl=sk&amp;ref_topic=1008008\">https:\/\/support.google.com\/analytics\/topic\/2919631?hl=sk&amp;ref_topic=1008008<\/a><h3>Marketing<\/h3>\n<p>Marketingov\u00e9 s\u00fabory cookies sa pou\u017e\u00edvaj\u00fa na&nbsp;sledovanie n\u00e1v\u0161tevn\u00edkov na&nbsp;webov\u00fdch str\u00e1nkach. Z\u00e1merom je zobrazova\u0165 reklamy, ktor\u00e9 s\u00fa relevantn\u00e9 a&nbsp;p\u00fatav\u00e9 pre&nbsp;jednotliv\u00fdch u\u017e\u00edvate\u013eov, a&nbsp;t\u00fdm cennej\u0161ie pre&nbsp;vydavate\u013eov a&nbsp;inzerentov tret\u00edch str\u00e1n.<\/p><hr><h4>Google AdWords<\/h4><br>Identifik\u00e1cia v&nbsp;r\u00e1mci reklamnej siete Google AdWords, op\u00e4tovn\u00e9 cielenie reklamy na&nbsp;z\u00e1klade akcie pou\u017e\u00edvate\u013ea (remarketing).<br><strong>Platnos\u0165 do:<\/strong> 24 mesiacov<br><strong>Adresa:<\/strong>Google Ireland Limited Gordon House, Barrow Street, Dublin 4, Ireland<br><strong>Typ:<\/strong> HTTP<br><strong>Link (bli\u017e\u0161ie inform\u00e1cie o&nbsp;ochrane s\u00fakromia):<\/strong> <a href=\"https:\/\/policies.google.com\/privacy?hl=sk\" target=\"_blank\" rel=\"noopener noreferrer\">https:\/\/policies.google.com\/privacy?hl=sk<\/a><hr><h4>LinkedIN<\/h4><br>Identifik\u00e1cia v&nbsp;r\u00e1mci reklamnej siete LinkedIN, op\u00e4tovn\u00e9 cielenie reklamy na&nbsp;z\u00e1klade akcie pou\u017e\u00edvate\u013ea (remarketing).<br><strong>Platnos\u0165 do:<\/strong> 24 mesiacov<br><strong>Adresa:<\/strong>LinkedIn Ireland Unlimited Company, Wilton Plaza, Wilton Place, Dublin 2, Ireland<br><strong>Typ:<\/strong> HTTP<br><strong>Link (bli\u017e\u0161ie inform\u00e1cie o&nbsp;ochrane s\u00fakromia):<\/strong> <a href=\"https:\/\/www.linkedin.com\/legal\/privacy-policy\">https:\/\/www.linkedin.com\/legal\/privacy-policy<\/a>Prehl\u00e1senie o&nbsp;cookies naposledy aktualizovan\u00e9 d\u0148a 2.&nbsp;5.&nbsp;2026.<\/p>\n<h2>O Cookies<\/h2>\n<p>S\u00fabory cookie s\u00fa mal\u00e9 textov\u00e9 s\u00fabory, ktor\u00e9 m\u00f4\u017eu webov\u00e9 str\u00e1nky vyu\u017e\u00edva\u0165 na&nbsp;zlep\u0161enie pou\u017e\u00edvate\u013esk\u00e9ho z\u00e1\u017eitku.<br>Pod\u013ea z\u00e1kona m\u00f4\u017eeme na&nbsp;va\u0161om zariaden\u00ed uklada\u0165 s\u00fabory cookie, ak s\u00fa nevyhnutn\u00e9 pre&nbsp;prev\u00e1dzku tejto str\u00e1nky. Av\u0161ak na&nbsp;v\u0161etky ostatn\u00e9 typy s\u00faborov cookie potrebujeme v\u00e1\u0161 s\u00fahlas.<br>Na\u0161a str\u00e1nka pou\u017e\u00edva r\u00f4zne typy s\u00faborov cookie. Niektor\u00e9 v&nbsp;nich s\u00fa umiestnen\u00e9 slu\u017ebami tret\u00edch str\u00e1n, ktor\u00e9 sa zobrazuj\u00fa na&nbsp;na\u0161ich str\u00e1nkach.<br>Va\u0161e s\u00fahlas v&nbsp;vyhl\u00e1sen\u00edm o&nbsp;s\u00faboroch cookie na&nbsp;na\u0161ej webovej str\u00e1nke m\u00f4\u017eete kedyko\u013evek zmeni\u0165 alebo odvola\u0165.<\/p>\n","protected":false},"excerpt":{"rendered":"","protected":false},"author":1,"featured_media":0,"parent":0,"menu_order":0,"comment_status":"closed","ping_status":"closed","template":"","meta":{"_acf_changed":false,"inline_featured_image":false,"footnotes":""},"class_list":["post-1957","page","type-page","status-publish","hentry"],"acf":[],"yoast_head":"<!-- This site is optimized with the Yoast SEO plugin v26.9 - https:\/\/yoast.com\/product\/yoast-seo-wordpress\/ -->\n<title>Cookies - AKE Skalica<\/title>\n<meta name=\"robots\" content=\"index, follow, max-snippet:-1, max-image-preview:large, max-video-preview:-1\" \/>\n<link rel=\"canonical\" href=\"https:\/\/ake-bearings.com\/sk\/cookies\/\" \/>\n<meta property=\"og:locale\" content=\"sk_SK\" \/>\n<meta property=\"og:type\" content=\"article\" \/>\n<meta property=\"og:title\" content=\"Cookies - AKE Skalica\" \/>\n<meta property=\"og:url\" content=\"https:\/\/ake-bearings.com\/sk\/cookies\/\" \/>\n<meta property=\"og:site_name\" content=\"AKE Skalica\" \/>\n<meta property=\"article:modified_time\" content=\"2024-07-10T11:54:08+00:00\" \/>\n<meta name=\"twitter:card\" content=\"summary_large_image\" \/>\n<meta name=\"twitter:label1\" content=\"Predpokladan\u00fd \u010das \u010d\u00edtania\" \/>\n\t<meta name=\"twitter:data1\" content=\"1 min\u00fata\" \/>\n<script type=\"application\/ld+json\" class=\"yoast-schema-graph\">{\"@context\":\"https:\/\/schema.org\",\"@graph\":[{\"@type\":\"WebPage\",\"@id\":\"https:\/\/ake-bearings.com\/sk\/cookies\/\",\"url\":\"https:\/\/ake-bearings.com\/sk\/cookies\/\",\"name\":\"Cookies - AKE Skalica\",\"isPartOf\":{\"@id\":\"https:\/\/ake-bearings.com\/sk\/#website\"},\"datePublished\":\"2024-07-10T11:53:45+00:00\",\"dateModified\":\"2024-07-10T11:54:08+00:00\",\"breadcrumb\":{\"@id\":\"https:\/\/ake-bearings.com\/sk\/cookies\/#breadcrumb\"},\"inLanguage\":\"sk-SK\",\"potentialAction\":[{\"@type\":\"ReadAction\",\"target\":[\"https:\/\/ake-bearings.com\/sk\/cookies\/\"]}]},{\"@type\":\"BreadcrumbList\",\"@id\":\"https:\/\/ake-bearings.com\/sk\/cookies\/#breadcrumb\",\"itemListElement\":[{\"@type\":\"ListItem\",\"position\":1,\"name\":\"Home\",\"item\":\"https:\/\/ake-bearings.com\/sk\/\"},{\"@type\":\"ListItem\",\"position\":2,\"name\":\"Cookies\"}]},{\"@type\":\"WebSite\",\"@id\":\"https:\/\/ake-bearings.com\/sk\/#website\",\"url\":\"https:\/\/ake-bearings.com\/sk\/\",\"name\":\"AKE Skalica\",\"description\":\"Aviation &amp; Space Tech bearing production\",\"potentialAction\":[{\"@type\":\"SearchAction\",\"target\":{\"@type\":\"EntryPoint\",\"urlTemplate\":\"https:\/\/ake-bearings.com\/sk\/?s={search_term_string}\"},\"query-input\":{\"@type\":\"PropertyValueSpecification\",\"valueRequired\":true,\"valueName\":\"search_term_string\"}}],\"inLanguage\":\"sk-SK\"}]}<\/script>\n<!-- \/ Yoast SEO plugin. -->","yoast_head_json":{"title":"Cookies - AKE Skalica","robots":{"index":"index","follow":"follow","max-snippet":"max-snippet:-1","max-image-preview":"max-image-preview:large","max-video-preview":"max-video-preview:-1"},"canonical":"https:\/\/ake-bearings.com\/sk\/cookies\/","og_locale":"sk_SK","og_type":"article","og_title":"Cookies - AKE Skalica","og_url":"https:\/\/ake-bearings.com\/sk\/cookies\/","og_site_name":"AKE Skalica","article_modified_time":"2024-07-10T11:54:08+00:00","twitter_card":"summary_large_image","twitter_misc":{"Predpokladan\u00fd \u010das \u010d\u00edtania":"1 min\u00fata"},"schema":{"@context":"https:\/\/schema.org","@graph":[{"@type":"WebPage","@id":"https:\/\/ake-bearings.com\/sk\/cookies\/","url":"https:\/\/ake-bearings.com\/sk\/cookies\/","name":"Cookies - AKE Skalica","isPartOf":{"@id":"https:\/\/ake-bearings.com\/sk\/#website"},"datePublished":"2024-07-10T11:53:45+00:00","dateModified":"2024-07-10T11:54:08+00:00","breadcrumb":{"@id":"https:\/\/ake-bearings.com\/sk\/cookies\/#breadcrumb"},"inLanguage":"sk-SK","potentialAction":[{"@type":"ReadAction","target":["https:\/\/ake-bearings.com\/sk\/cookies\/"]}]},{"@type":"BreadcrumbList","@id":"https:\/\/ake-bearings.com\/sk\/cookies\/#breadcrumb","itemListElement":[{"@type":"ListItem","position":1,"name":"Home","item":"https:\/\/ake-bearings.com\/sk\/"},{"@type":"ListItem","position":2,"name":"Cookies"}]},{"@type":"WebSite","@id":"https:\/\/ake-bearings.com\/sk\/#website","url":"https:\/\/ake-bearings.com\/sk\/","name":"AKE Skalica","description":"Aviation &amp; Space Tech bearing production","potentialAction":[{"@type":"SearchAction","target":{"@type":"EntryPoint","urlTemplate":"https:\/\/ake-bearings.com\/sk\/?s={search_term_string}"},"query-input":{"@type":"PropertyValueSpecification","valueRequired":true,"valueName":"search_term_string"}}],"inLanguage":"sk-SK"}]}},"_links":{"self":[{"href":"https:\/\/ake-bearings.com\/sk\/wp-json\/wp\/v2\/pages\/1957","targetHints":{"allow":["GET"]}}],"collection":[{"href":"https:\/\/ake-bearings.com\/sk\/wp-json\/wp\/v2\/pages"}],"about":[{"href":"https:\/\/ake-bearings.com\/sk\/wp-json\/wp\/v2\/types\/page"}],"author":[{"embeddable":true,"href":"https:\/\/ake-bearings.com\/sk\/wp-json\/wp\/v2\/users\/1"}],"replies":[{"embeddable":true,"href":"https:\/\/ake-bearings.com\/sk\/wp-json\/wp\/v2\/comments?post=1957"}],"version-history":[{"count":1,"href":"https:\/\/ake-bearings.com\/sk\/wp-json\/wp\/v2\/pages\/1957\/revisions"}],"predecessor-version":[{"id":1958,"href":"https:\/\/ake-bearings.com\/sk\/wp-json\/wp\/v2\/pages\/1957\/revisions\/1958"}],"wp:attachment":[{"href":"https:\/\/ake-bearings.com\/sk\/wp-json\/wp\/v2\/media?parent=1957"}],"curies":[{"name":"wp","href":"https:\/\/api.w.org\/{rel}","templated":true}]}}