{"id":1730,"date":"2024-04-02T00:57:39","date_gmt":"2024-04-01T22:57:39","guid":{"rendered":"https:\/\/ake-bearings.com\/services\/"},"modified":"2024-07-12T16:23:35","modified_gmt":"2024-07-12T14:23:35","slug":"services","status":"publish","type":"page","link":"https:\/\/ake-bearings.com\/sk\/sluzby\/","title":{"rendered":"Slu\u017eby"},"content":{"rendered":"\n<p>V AKE Skalica okrem v\u00fdroby lo\u017e\u00edsk pon\u00fakame aj portf\u00f3lio s\u00favisiacich slu\u017eieb. Na z\u00e1klade va\u0161ich \u0161pecifick\u00fdch po\u017eiadaviek v\u00e1m t\u00edm odborn\u00edkov navrhne a vytvor\u00ed inovat\u00edvne rie\u0161enia kon\u0161trukcie lo\u017e\u00edsk pre aplik\u00e1cie v leteckom priemysle \u010di energetike. Na po\u017eiadanie je s\u00fa\u010das\u0165ou na\u0161ej ponuky aj v\u00fdpo\u010det \u017eivotnosti lo\u017eiska v\u00a0konkr\u00e9tnom uzle. Pon\u00fakame v\u00e1m slu\u017ebu rekonzerv\u00e1cie lo\u017e\u00edsk, ktor\u00e1 je d\u00f4le\u017eit\u00fdm procesom pre zachovanie spr\u00e1vneho chodu lo\u017e\u00edsk v\u00a0ulo\u017een\u00ed po dlhom skladovan\u00ed.<\/p>\n","protected":false},"excerpt":{"rendered":"<p>V AKE Skalica okrem v\u00fdroby lo\u017e\u00edsk pon\u00fakame aj portf\u00f3lio s\u00favisiacich slu\u017eieb. Na z\u00e1klade va\u0161ich \u0161pecifick\u00fdch po\u017eiadaviek v\u00e1m t\u00edm odborn\u00edkov navrhne a vytvor\u00ed inovat\u00edvne rie\u0161enia kon\u0161trukcie lo\u017e\u00edsk pre aplik\u00e1cie v leteckom priemysle \u010di energetike. Na po\u017eiadanie je s\u00fa\u010das\u0165ou na\u0161ej ponuky aj v\u00fdpo\u010det \u017eivotnosti lo\u017eiska v\u00a0konkr\u00e9tnom uzle. Pon\u00fakame v\u00e1m slu\u017ebu rekonzerv\u00e1cie lo\u017e\u00edsk, ktor\u00e1 je d\u00f4le\u017eit\u00fdm procesom pre [&hellip;]<\/p>\n","protected":false},"author":1,"featured_media":1481,"parent":0,"menu_order":8,"comment_status":"closed","ping_status":"closed","template":"","meta":{"_acf_changed":false,"inline_featured_image":false,"footnotes":""},"class_list":["post-1730","page","type-page","status-publish","has-post-thumbnail","hentry"],"acf":[],"yoast_head":"<!-- This site is optimized with the Yoast SEO plugin v26.9 - https:\/\/yoast.com\/product\/yoast-seo-wordpress\/ -->\n<title>Slu\u017eby - AKE Skalica<\/title>\n<meta name=\"robots\" content=\"index, follow, max-snippet:-1, max-image-preview:large, max-video-preview:-1\" \/>\n<link rel=\"canonical\" href=\"https:\/\/ake-bearings.com\/sk\/sluzby\/\" \/>\n<meta property=\"og:locale\" content=\"sk_SK\" \/>\n<meta property=\"og:type\" content=\"article\" \/>\n<meta property=\"og:title\" content=\"Slu\u017eby - AKE Skalica\" \/>\n<meta property=\"og:description\" content=\"V AKE Skalica okrem v\u00fdroby lo\u017e\u00edsk pon\u00fakame aj portf\u00f3lio s\u00favisiacich slu\u017eieb. Na z\u00e1klade va\u0161ich \u0161pecifick\u00fdch po\u017eiadaviek v\u00e1m t\u00edm odborn\u00edkov navrhne a vytvor\u00ed inovat\u00edvne rie\u0161enia kon\u0161trukcie lo\u017e\u00edsk pre aplik\u00e1cie v leteckom priemysle \u010di energetike. Na po\u017eiadanie je s\u00fa\u010das\u0165ou na\u0161ej ponuky aj v\u00fdpo\u010det \u017eivotnosti lo\u017eiska v\u00a0konkr\u00e9tnom uzle. Pon\u00fakame v\u00e1m slu\u017ebu rekonzerv\u00e1cie lo\u017e\u00edsk, ktor\u00e1 je d\u00f4le\u017eit\u00fdm procesom pre [&hellip;]\" \/>\n<meta property=\"og:url\" content=\"https:\/\/ake-bearings.com\/sk\/sluzby\/\" \/>\n<meta property=\"og:site_name\" content=\"AKE Skalica\" \/>\n<meta property=\"article:modified_time\" content=\"2024-07-12T14:23:35+00:00\" \/>\n<meta property=\"og:image\" content=\"https:\/\/ake-bearings.com\/wp-content\/uploads\/2024\/05\/services.png\" \/>\n\t<meta property=\"og:image:width\" content=\"1200\" \/>\n\t<meta property=\"og:image:height\" content=\"966\" \/>\n\t<meta property=\"og:image:type\" content=\"image\/png\" \/>\n<meta name=\"twitter:card\" content=\"summary_large_image\" \/>\n<meta name=\"twitter:label1\" content=\"Predpokladan\u00fd \u010das \u010d\u00edtania\" \/>\n\t<meta name=\"twitter:data1\" content=\"1 min\u00fata\" \/>\n<script type=\"application\/ld+json\" class=\"yoast-schema-graph\">{\"@context\":\"https:\/\/schema.org\",\"@graph\":[{\"@type\":\"WebPage\",\"@id\":\"https:\/\/ake-bearings.com\/sk\/sluzby\/\",\"url\":\"https:\/\/ake-bearings.com\/sk\/sluzby\/\",\"name\":\"Slu\u017eby - AKE Skalica\",\"isPartOf\":{\"@id\":\"https:\/\/ake-bearings.com\/sk\/#website\"},\"primaryImageOfPage\":{\"@id\":\"https:\/\/ake-bearings.com\/sk\/sluzby\/#primaryimage\"},\"image\":{\"@id\":\"https:\/\/ake-bearings.com\/sk\/sluzby\/#primaryimage\"},\"thumbnailUrl\":\"https:\/\/ake-bearings.com\/wp-content\/uploads\/2024\/05\/services.png\",\"datePublished\":\"2024-04-01T22:57:39+00:00\",\"dateModified\":\"2024-07-12T14:23:35+00:00\",\"breadcrumb\":{\"@id\":\"https:\/\/ake-bearings.com\/sk\/sluzby\/#breadcrumb\"},\"inLanguage\":\"sk-SK\",\"potentialAction\":[{\"@type\":\"ReadAction\",\"target\":[\"https:\/\/ake-bearings.com\/sk\/sluzby\/\"]}]},{\"@type\":\"ImageObject\",\"inLanguage\":\"sk-SK\",\"@id\":\"https:\/\/ake-bearings.com\/sk\/sluzby\/#primaryimage\",\"url\":\"https:\/\/ake-bearings.com\/wp-content\/uploads\/2024\/05\/services.png\",\"contentUrl\":\"https:\/\/ake-bearings.com\/wp-content\/uploads\/2024\/05\/services.png\",\"width\":1200,\"height\":966},{\"@type\":\"BreadcrumbList\",\"@id\":\"https:\/\/ake-bearings.com\/sk\/sluzby\/#breadcrumb\",\"itemListElement\":[{\"@type\":\"ListItem\",\"position\":1,\"name\":\"Home\",\"item\":\"https:\/\/ake-bearings.com\/sk\/\"},{\"@type\":\"ListItem\",\"position\":2,\"name\":\"Slu\u017eby\"}]},{\"@type\":\"WebSite\",\"@id\":\"https:\/\/ake-bearings.com\/sk\/#website\",\"url\":\"https:\/\/ake-bearings.com\/sk\/\",\"name\":\"AKE Skalica\",\"description\":\"Aviation &amp; Space Tech bearing production\",\"potentialAction\":[{\"@type\":\"SearchAction\",\"target\":{\"@type\":\"EntryPoint\",\"urlTemplate\":\"https:\/\/ake-bearings.com\/sk\/?s={search_term_string}\"},\"query-input\":{\"@type\":\"PropertyValueSpecification\",\"valueRequired\":true,\"valueName\":\"search_term_string\"}}],\"inLanguage\":\"sk-SK\"}]}<\/script>\n<!-- \/ Yoast SEO plugin. -->","yoast_head_json":{"title":"Slu\u017eby - AKE Skalica","robots":{"index":"index","follow":"follow","max-snippet":"max-snippet:-1","max-image-preview":"max-image-preview:large","max-video-preview":"max-video-preview:-1"},"canonical":"https:\/\/ake-bearings.com\/sk\/sluzby\/","og_locale":"sk_SK","og_type":"article","og_title":"Slu\u017eby - AKE Skalica","og_description":"V AKE Skalica okrem v\u00fdroby lo\u017e\u00edsk pon\u00fakame aj portf\u00f3lio s\u00favisiacich slu\u017eieb. Na z\u00e1klade va\u0161ich \u0161pecifick\u00fdch po\u017eiadaviek v\u00e1m t\u00edm odborn\u00edkov navrhne a vytvor\u00ed inovat\u00edvne rie\u0161enia kon\u0161trukcie lo\u017e\u00edsk pre aplik\u00e1cie v leteckom priemysle \u010di energetike. Na po\u017eiadanie je s\u00fa\u010das\u0165ou na\u0161ej ponuky aj v\u00fdpo\u010det \u017eivotnosti lo\u017eiska v\u00a0konkr\u00e9tnom uzle. Pon\u00fakame v\u00e1m slu\u017ebu rekonzerv\u00e1cie lo\u017e\u00edsk, ktor\u00e1 je d\u00f4le\u017eit\u00fdm procesom pre [&hellip;]","og_url":"https:\/\/ake-bearings.com\/sk\/sluzby\/","og_site_name":"AKE Skalica","article_modified_time":"2024-07-12T14:23:35+00:00","og_image":[{"width":1200,"height":966,"url":"https:\/\/ake-bearings.com\/wp-content\/uploads\/2024\/05\/services.png","type":"image\/png"}],"twitter_card":"summary_large_image","twitter_misc":{"Predpokladan\u00fd \u010das \u010d\u00edtania":"1 min\u00fata"},"schema":{"@context":"https:\/\/schema.org","@graph":[{"@type":"WebPage","@id":"https:\/\/ake-bearings.com\/sk\/sluzby\/","url":"https:\/\/ake-bearings.com\/sk\/sluzby\/","name":"Slu\u017eby - AKE Skalica","isPartOf":{"@id":"https:\/\/ake-bearings.com\/sk\/#website"},"primaryImageOfPage":{"@id":"https:\/\/ake-bearings.com\/sk\/sluzby\/#primaryimage"},"image":{"@id":"https:\/\/ake-bearings.com\/sk\/sluzby\/#primaryimage"},"thumbnailUrl":"https:\/\/ake-bearings.com\/wp-content\/uploads\/2024\/05\/services.png","datePublished":"2024-04-01T22:57:39+00:00","dateModified":"2024-07-12T14:23:35+00:00","breadcrumb":{"@id":"https:\/\/ake-bearings.com\/sk\/sluzby\/#breadcrumb"},"inLanguage":"sk-SK","potentialAction":[{"@type":"ReadAction","target":["https:\/\/ake-bearings.com\/sk\/sluzby\/"]}]},{"@type":"ImageObject","inLanguage":"sk-SK","@id":"https:\/\/ake-bearings.com\/sk\/sluzby\/#primaryimage","url":"https:\/\/ake-bearings.com\/wp-content\/uploads\/2024\/05\/services.png","contentUrl":"https:\/\/ake-bearings.com\/wp-content\/uploads\/2024\/05\/services.png","width":1200,"height":966},{"@type":"BreadcrumbList","@id":"https:\/\/ake-bearings.com\/sk\/sluzby\/#breadcrumb","itemListElement":[{"@type":"ListItem","position":1,"name":"Home","item":"https:\/\/ake-bearings.com\/sk\/"},{"@type":"ListItem","position":2,"name":"Slu\u017eby"}]},{"@type":"WebSite","@id":"https:\/\/ake-bearings.com\/sk\/#website","url":"https:\/\/ake-bearings.com\/sk\/","name":"AKE Skalica","description":"Aviation &amp; Space Tech bearing production","potentialAction":[{"@type":"SearchAction","target":{"@type":"EntryPoint","urlTemplate":"https:\/\/ake-bearings.com\/sk\/?s={search_term_string}"},"query-input":{"@type":"PropertyValueSpecification","valueRequired":true,"valueName":"search_term_string"}}],"inLanguage":"sk-SK"}]}},"_links":{"self":[{"href":"https:\/\/ake-bearings.com\/sk\/wp-json\/wp\/v2\/pages\/1730","targetHints":{"allow":["GET"]}}],"collection":[{"href":"https:\/\/ake-bearings.com\/sk\/wp-json\/wp\/v2\/pages"}],"about":[{"href":"https:\/\/ake-bearings.com\/sk\/wp-json\/wp\/v2\/types\/page"}],"author":[{"embeddable":true,"href":"https:\/\/ake-bearings.com\/sk\/wp-json\/wp\/v2\/users\/1"}],"replies":[{"embeddable":true,"href":"https:\/\/ake-bearings.com\/sk\/wp-json\/wp\/v2\/comments?post=1730"}],"version-history":[{"count":5,"href":"https:\/\/ake-bearings.com\/sk\/wp-json\/wp\/v2\/pages\/1730\/revisions"}],"predecessor-version":[{"id":1989,"href":"https:\/\/ake-bearings.com\/sk\/wp-json\/wp\/v2\/pages\/1730\/revisions\/1989"}],"wp:featuredmedia":[{"embeddable":true,"href":"https:\/\/ake-bearings.com\/sk\/wp-json\/wp\/v2\/media\/1481"}],"wp:attachment":[{"href":"https:\/\/ake-bearings.com\/sk\/wp-json\/wp\/v2\/media?parent=1730"}],"curies":[{"name":"wp","href":"https:\/\/api.w.org\/{rel}","templated":true}]}}