{"id":1718,"date":"2024-04-30T14:34:39","date_gmt":"2024-04-30T12:34:39","guid":{"rendered":"https:\/\/ake-bearings.com\/company\/group\/"},"modified":"2024-07-12T16:54:08","modified_gmt":"2024-07-12T14:54:08","slug":"group","status":"publish","type":"page","link":"https:\/\/ake-bearings.com\/sk\/spolocnost\/skupina\/","title":{"rendered":"Skupina"},"content":{"rendered":"\n<p>Z\u00e1vod AKE Skalica patr\u00ed do skupiny <a href=\"https:\/\/www.imet.sk\/\" target=\"_blank\" rel=\"noreferrer noopener\">IMET Group<\/a>.<\/p>\n","protected":false},"excerpt":{"rendered":"<p>Z\u00e1vod AKE Skalica patr\u00ed do skupiny IMET Group.<\/p>\n","protected":false},"author":1,"featured_media":1563,"parent":1714,"menu_order":6,"comment_status":"closed","ping_status":"closed","template":"","meta":{"_acf_changed":false,"inline_featured_image":false,"footnotes":""},"class_list":["post-1718","page","type-page","status-publish","has-post-thumbnail","hentry"],"acf":[],"yoast_head":"<!-- This site is optimized with the Yoast SEO plugin v26.9 - https:\/\/yoast.com\/product\/yoast-seo-wordpress\/ -->\n<title>Skupina - AKE Skalica<\/title>\n<meta name=\"robots\" content=\"index, follow, max-snippet:-1, max-image-preview:large, max-video-preview:-1\" \/>\n<link rel=\"canonical\" href=\"https:\/\/ake-bearings.com\/sk\/spolocnost\/skupina\/\" \/>\n<meta property=\"og:locale\" content=\"sk_SK\" \/>\n<meta property=\"og:type\" content=\"article\" \/>\n<meta property=\"og:title\" content=\"Skupina - AKE Skalica\" \/>\n<meta property=\"og:description\" content=\"Z\u00e1vod AKE Skalica patr\u00ed do skupiny IMET Group.\" \/>\n<meta property=\"og:url\" content=\"https:\/\/ake-bearings.com\/sk\/spolocnost\/skupina\/\" \/>\n<meta property=\"og:site_name\" content=\"AKE Skalica\" \/>\n<meta property=\"article:modified_time\" content=\"2024-07-12T14:54:08+00:00\" \/>\n<meta property=\"og:image\" content=\"https:\/\/ake-bearings.com\/wp-content\/uploads\/2024\/05\/group-e1715868155530.png\" \/>\n\t<meta property=\"og:image:width\" content=\"1200\" \/>\n\t<meta property=\"og:image:height\" content=\"966\" \/>\n\t<meta property=\"og:image:type\" content=\"image\/png\" \/>\n<meta name=\"twitter:card\" content=\"summary_large_image\" \/>\n<meta name=\"twitter:label1\" content=\"Predpokladan\u00fd \u010das \u010d\u00edtania\" \/>\n\t<meta name=\"twitter:data1\" content=\"1 min\u00fata\" \/>\n<script type=\"application\/ld+json\" class=\"yoast-schema-graph\">{\"@context\":\"https:\/\/schema.org\",\"@graph\":[{\"@type\":\"WebPage\",\"@id\":\"https:\/\/ake-bearings.com\/sk\/spolocnost\/skupina\/\",\"url\":\"https:\/\/ake-bearings.com\/sk\/spolocnost\/skupina\/\",\"name\":\"Skupina - AKE Skalica\",\"isPartOf\":{\"@id\":\"https:\/\/ake-bearings.com\/sk\/#website\"},\"primaryImageOfPage\":{\"@id\":\"https:\/\/ake-bearings.com\/sk\/spolocnost\/skupina\/#primaryimage\"},\"image\":{\"@id\":\"https:\/\/ake-bearings.com\/sk\/spolocnost\/skupina\/#primaryimage\"},\"thumbnailUrl\":\"https:\/\/ake-bearings.com\/wp-content\/uploads\/2024\/05\/group-e1715868155530.png\",\"datePublished\":\"2024-04-30T12:34:39+00:00\",\"dateModified\":\"2024-07-12T14:54:08+00:00\",\"breadcrumb\":{\"@id\":\"https:\/\/ake-bearings.com\/sk\/spolocnost\/skupina\/#breadcrumb\"},\"inLanguage\":\"sk-SK\",\"potentialAction\":[{\"@type\":\"ReadAction\",\"target\":[\"https:\/\/ake-bearings.com\/sk\/spolocnost\/skupina\/\"]}]},{\"@type\":\"ImageObject\",\"inLanguage\":\"sk-SK\",\"@id\":\"https:\/\/ake-bearings.com\/sk\/spolocnost\/skupina\/#primaryimage\",\"url\":\"https:\/\/ake-bearings.com\/wp-content\/uploads\/2024\/05\/group-e1715868155530.png\",\"contentUrl\":\"https:\/\/ake-bearings.com\/wp-content\/uploads\/2024\/05\/group-e1715868155530.png\",\"width\":1200,\"height\":966},{\"@type\":\"BreadcrumbList\",\"@id\":\"https:\/\/ake-bearings.com\/sk\/spolocnost\/skupina\/#breadcrumb\",\"itemListElement\":[{\"@type\":\"ListItem\",\"position\":1,\"name\":\"Home\",\"item\":\"https:\/\/ake-bearings.com\/sk\/\"},{\"@type\":\"ListItem\",\"position\":2,\"name\":\"Spolo\u010dnos\u0165\",\"item\":\"https:\/\/ake-bearings.com\/sk\/company\/\"},{\"@type\":\"ListItem\",\"position\":3,\"name\":\"Skupina\"}]},{\"@type\":\"WebSite\",\"@id\":\"https:\/\/ake-bearings.com\/sk\/#website\",\"url\":\"https:\/\/ake-bearings.com\/sk\/\",\"name\":\"AKE Skalica\",\"description\":\"Aviation &amp; Space Tech bearing production\",\"potentialAction\":[{\"@type\":\"SearchAction\",\"target\":{\"@type\":\"EntryPoint\",\"urlTemplate\":\"https:\/\/ake-bearings.com\/sk\/?s={search_term_string}\"},\"query-input\":{\"@type\":\"PropertyValueSpecification\",\"valueRequired\":true,\"valueName\":\"search_term_string\"}}],\"inLanguage\":\"sk-SK\"}]}<\/script>\n<!-- \/ Yoast SEO plugin. -->","yoast_head_json":{"title":"Skupina - AKE Skalica","robots":{"index":"index","follow":"follow","max-snippet":"max-snippet:-1","max-image-preview":"max-image-preview:large","max-video-preview":"max-video-preview:-1"},"canonical":"https:\/\/ake-bearings.com\/sk\/spolocnost\/skupina\/","og_locale":"sk_SK","og_type":"article","og_title":"Skupina - AKE Skalica","og_description":"Z\u00e1vod AKE Skalica patr\u00ed do skupiny IMET Group.","og_url":"https:\/\/ake-bearings.com\/sk\/spolocnost\/skupina\/","og_site_name":"AKE Skalica","article_modified_time":"2024-07-12T14:54:08+00:00","og_image":[{"width":1200,"height":966,"url":"https:\/\/ake-bearings.com\/wp-content\/uploads\/2024\/05\/group-e1715868155530.png","type":"image\/png"}],"twitter_card":"summary_large_image","twitter_misc":{"Predpokladan\u00fd \u010das \u010d\u00edtania":"1 min\u00fata"},"schema":{"@context":"https:\/\/schema.org","@graph":[{"@type":"WebPage","@id":"https:\/\/ake-bearings.com\/sk\/spolocnost\/skupina\/","url":"https:\/\/ake-bearings.com\/sk\/spolocnost\/skupina\/","name":"Skupina - AKE Skalica","isPartOf":{"@id":"https:\/\/ake-bearings.com\/sk\/#website"},"primaryImageOfPage":{"@id":"https:\/\/ake-bearings.com\/sk\/spolocnost\/skupina\/#primaryimage"},"image":{"@id":"https:\/\/ake-bearings.com\/sk\/spolocnost\/skupina\/#primaryimage"},"thumbnailUrl":"https:\/\/ake-bearings.com\/wp-content\/uploads\/2024\/05\/group-e1715868155530.png","datePublished":"2024-04-30T12:34:39+00:00","dateModified":"2024-07-12T14:54:08+00:00","breadcrumb":{"@id":"https:\/\/ake-bearings.com\/sk\/spolocnost\/skupina\/#breadcrumb"},"inLanguage":"sk-SK","potentialAction":[{"@type":"ReadAction","target":["https:\/\/ake-bearings.com\/sk\/spolocnost\/skupina\/"]}]},{"@type":"ImageObject","inLanguage":"sk-SK","@id":"https:\/\/ake-bearings.com\/sk\/spolocnost\/skupina\/#primaryimage","url":"https:\/\/ake-bearings.com\/wp-content\/uploads\/2024\/05\/group-e1715868155530.png","contentUrl":"https:\/\/ake-bearings.com\/wp-content\/uploads\/2024\/05\/group-e1715868155530.png","width":1200,"height":966},{"@type":"BreadcrumbList","@id":"https:\/\/ake-bearings.com\/sk\/spolocnost\/skupina\/#breadcrumb","itemListElement":[{"@type":"ListItem","position":1,"name":"Home","item":"https:\/\/ake-bearings.com\/sk\/"},{"@type":"ListItem","position":2,"name":"Spolo\u010dnos\u0165","item":"https:\/\/ake-bearings.com\/sk\/company\/"},{"@type":"ListItem","position":3,"name":"Skupina"}]},{"@type":"WebSite","@id":"https:\/\/ake-bearings.com\/sk\/#website","url":"https:\/\/ake-bearings.com\/sk\/","name":"AKE Skalica","description":"Aviation &amp; Space Tech bearing production","potentialAction":[{"@type":"SearchAction","target":{"@type":"EntryPoint","urlTemplate":"https:\/\/ake-bearings.com\/sk\/?s={search_term_string}"},"query-input":{"@type":"PropertyValueSpecification","valueRequired":true,"valueName":"search_term_string"}}],"inLanguage":"sk-SK"}]}},"_links":{"self":[{"href":"https:\/\/ake-bearings.com\/sk\/wp-json\/wp\/v2\/pages\/1718","targetHints":{"allow":["GET"]}}],"collection":[{"href":"https:\/\/ake-bearings.com\/sk\/wp-json\/wp\/v2\/pages"}],"about":[{"href":"https:\/\/ake-bearings.com\/sk\/wp-json\/wp\/v2\/types\/page"}],"author":[{"embeddable":true,"href":"https:\/\/ake-bearings.com\/sk\/wp-json\/wp\/v2\/users\/1"}],"replies":[{"embeddable":true,"href":"https:\/\/ake-bearings.com\/sk\/wp-json\/wp\/v2\/comments?post=1718"}],"version-history":[{"count":6,"href":"https:\/\/ake-bearings.com\/sk\/wp-json\/wp\/v2\/pages\/1718\/revisions"}],"predecessor-version":[{"id":1986,"href":"https:\/\/ake-bearings.com\/sk\/wp-json\/wp\/v2\/pages\/1718\/revisions\/1986"}],"up":[{"embeddable":true,"href":"https:\/\/ake-bearings.com\/sk\/wp-json\/wp\/v2\/pages\/1714"}],"wp:featuredmedia":[{"embeddable":true,"href":"https:\/\/ake-bearings.com\/sk\/wp-json\/wp\/v2\/media\/1563"}],"wp:attachment":[{"href":"https:\/\/ake-bearings.com\/sk\/wp-json\/wp\/v2\/media?parent=1718"}],"curies":[{"name":"wp","href":"https:\/\/api.w.org\/{rel}","templated":true}]}}