{"id":1714,"date":"2024-04-30T13:34:02","date_gmt":"2024-04-30T11:34:02","guid":{"rendered":"https:\/\/ake-bearings.com\/company\/"},"modified":"2024-07-12T16:16:56","modified_gmt":"2024-07-12T14:16:56","slug":"company","status":"publish","type":"page","link":"https:\/\/ake-bearings.com\/sk\/spolocnost\/","title":{"rendered":"Spolo\u010dnos\u0165"},"content":{"rendered":"\n<p>Z\u00e1vod AKE Skalica patr\u00ed do skupiny IMET Group, ktor\u00e1 p\u00f4sob\u00ed vo viac ako 20 krajin\u00e1ch sveta a m\u00e1 30 rokov sk\u00fasenost\u00ed. \u00daspechom IMET Group nie s\u00fa len v\u00fdsledky jej spolo\u010dnost\u00ed, ich div\u00edzi\u00ed, od\u0161tepn\u00fdch z\u00e1vodov a obchodn\u00fdch zast\u00fapen\u00ed, ale aj na\u0161a vz\u00e1jomn\u00e1 spolupr\u00e1ca a&nbsp;synergia v r\u00e1mci firemnej skupiny.<\/p>\n\n\n\n<p>Z\u00e1merom AKE Skalica je aj na\u010falej rozv\u00edja\u0165 v\u00fdrobu \u0161peci\u00e1lnych a vysoko-presn\u00fdch lo\u017e\u00edsk najm\u00e4 pre leteck\u00fd priemysel a kozmonautiku, poskytova\u0165 slu\u017eby na\u0161ej kon\u0161truk\u010dnej kancel\u00e1rie na\u0161im z\u00e1kazn\u00edkom, a tie\u017e by\u0165 flexibiln\u00fdm v\u00fdrobcom pre mal\u00e9 s\u00e9rie a&nbsp;prototypy lo\u017e\u00edsk. Pokra\u010dujeme v trad\u00edci\u00e1ch zna\u010dky AKE, ako aj b\u00fdval\u00e9ho v\u00fdrobn\u00e9ho z\u00e1vodu ZVL Skalica.<\/p>\n","protected":false},"excerpt":{"rendered":"<p>Z\u00e1vod AKE Skalica patr\u00ed do skupiny IMET Group, ktor\u00e1 p\u00f4sob\u00ed vo viac ako 20 krajin\u00e1ch sveta a m\u00e1 30 rokov sk\u00fasenost\u00ed. \u00daspechom IMET Group nie s\u00fa len v\u00fdsledky jej spolo\u010dnost\u00ed, ich div\u00edzi\u00ed, od\u0161tepn\u00fdch z\u00e1vodov a obchodn\u00fdch zast\u00fapen\u00ed, ale aj na\u0161a vz\u00e1jomn\u00e1 spolupr\u00e1ca a&nbsp;synergia v r\u00e1mci firemnej skupiny. Z\u00e1merom AKE Skalica je aj na\u010falej rozv\u00edja\u0165 v\u00fdrobu [&hellip;]<\/p>\n","protected":false},"author":1,"featured_media":1561,"parent":0,"menu_order":2,"comment_status":"closed","ping_status":"closed","template":"","meta":{"_acf_changed":false,"inline_featured_image":false,"footnotes":""},"class_list":["post-1714","page","type-page","status-publish","has-post-thumbnail","hentry"],"acf":[],"yoast_head":"<!-- This site is optimized with the Yoast SEO plugin v26.9 - https:\/\/yoast.com\/product\/yoast-seo-wordpress\/ -->\n<title>Spolo\u010dnos\u0165 - AKE Skalica<\/title>\n<meta name=\"robots\" content=\"index, follow, max-snippet:-1, max-image-preview:large, max-video-preview:-1\" \/>\n<link rel=\"canonical\" href=\"https:\/\/ake-bearings.com\/sk\/spolocnost\/\" \/>\n<meta property=\"og:locale\" content=\"sk_SK\" \/>\n<meta property=\"og:type\" content=\"article\" \/>\n<meta property=\"og:title\" content=\"Spolo\u010dnos\u0165 - AKE Skalica\" \/>\n<meta property=\"og:description\" content=\"Z\u00e1vod AKE Skalica patr\u00ed do skupiny IMET Group, ktor\u00e1 p\u00f4sob\u00ed vo viac ako 20 krajin\u00e1ch sveta a m\u00e1 30 rokov sk\u00fasenost\u00ed. \u00daspechom IMET Group nie s\u00fa len v\u00fdsledky jej spolo\u010dnost\u00ed, ich div\u00edzi\u00ed, od\u0161tepn\u00fdch z\u00e1vodov a obchodn\u00fdch zast\u00fapen\u00ed, ale aj na\u0161a vz\u00e1jomn\u00e1 spolupr\u00e1ca a&nbsp;synergia v r\u00e1mci firemnej skupiny. Z\u00e1merom AKE Skalica je aj na\u010falej rozv\u00edja\u0165 v\u00fdrobu [&hellip;]\" \/>\n<meta property=\"og:url\" content=\"https:\/\/ake-bearings.com\/sk\/spolocnost\/\" \/>\n<meta property=\"og:site_name\" content=\"AKE Skalica\" \/>\n<meta property=\"article:modified_time\" content=\"2024-07-12T14:16:56+00:00\" \/>\n<meta property=\"og:image\" content=\"https:\/\/ake-bearings.com\/wp-content\/uploads\/2024\/05\/company-1024x824.png\" \/>\n\t<meta property=\"og:image:width\" content=\"1024\" \/>\n\t<meta property=\"og:image:height\" content=\"824\" \/>\n\t<meta property=\"og:image:type\" content=\"image\/png\" \/>\n<meta name=\"twitter:card\" content=\"summary_large_image\" \/>\n<meta name=\"twitter:label1\" content=\"Predpokladan\u00fd \u010das \u010d\u00edtania\" \/>\n\t<meta name=\"twitter:data1\" content=\"1 min\u00fata\" \/>\n<script type=\"application\/ld+json\" class=\"yoast-schema-graph\">{\"@context\":\"https:\/\/schema.org\",\"@graph\":[{\"@type\":\"WebPage\",\"@id\":\"https:\/\/ake-bearings.com\/sk\/spolocnost\/\",\"url\":\"https:\/\/ake-bearings.com\/sk\/spolocnost\/\",\"name\":\"Spolo\u010dnos\u0165 - AKE Skalica\",\"isPartOf\":{\"@id\":\"https:\/\/ake-bearings.com\/sk\/#website\"},\"primaryImageOfPage\":{\"@id\":\"https:\/\/ake-bearings.com\/sk\/spolocnost\/#primaryimage\"},\"image\":{\"@id\":\"https:\/\/ake-bearings.com\/sk\/spolocnost\/#primaryimage\"},\"thumbnailUrl\":\"https:\/\/ake-bearings.com\/wp-content\/uploads\/2024\/05\/company.png\",\"datePublished\":\"2024-04-30T11:34:02+00:00\",\"dateModified\":\"2024-07-12T14:16:56+00:00\",\"breadcrumb\":{\"@id\":\"https:\/\/ake-bearings.com\/sk\/spolocnost\/#breadcrumb\"},\"inLanguage\":\"sk-SK\",\"potentialAction\":[{\"@type\":\"ReadAction\",\"target\":[\"https:\/\/ake-bearings.com\/sk\/spolocnost\/\"]}]},{\"@type\":\"ImageObject\",\"inLanguage\":\"sk-SK\",\"@id\":\"https:\/\/ake-bearings.com\/sk\/spolocnost\/#primaryimage\",\"url\":\"https:\/\/ake-bearings.com\/wp-content\/uploads\/2024\/05\/company.png\",\"contentUrl\":\"https:\/\/ake-bearings.com\/wp-content\/uploads\/2024\/05\/company.png\",\"width\":1200,\"height\":966},{\"@type\":\"BreadcrumbList\",\"@id\":\"https:\/\/ake-bearings.com\/sk\/spolocnost\/#breadcrumb\",\"itemListElement\":[{\"@type\":\"ListItem\",\"position\":1,\"name\":\"Home\",\"item\":\"https:\/\/ake-bearings.com\/sk\/\"},{\"@type\":\"ListItem\",\"position\":2,\"name\":\"Spolo\u010dnos\u0165\"}]},{\"@type\":\"WebSite\",\"@id\":\"https:\/\/ake-bearings.com\/sk\/#website\",\"url\":\"https:\/\/ake-bearings.com\/sk\/\",\"name\":\"AKE Skalica\",\"description\":\"Aviation &amp; Space Tech bearing production\",\"potentialAction\":[{\"@type\":\"SearchAction\",\"target\":{\"@type\":\"EntryPoint\",\"urlTemplate\":\"https:\/\/ake-bearings.com\/sk\/?s={search_term_string}\"},\"query-input\":{\"@type\":\"PropertyValueSpecification\",\"valueRequired\":true,\"valueName\":\"search_term_string\"}}],\"inLanguage\":\"sk-SK\"}]}<\/script>\n<!-- \/ Yoast SEO plugin. -->","yoast_head_json":{"title":"Spolo\u010dnos\u0165 - AKE Skalica","robots":{"index":"index","follow":"follow","max-snippet":"max-snippet:-1","max-image-preview":"max-image-preview:large","max-video-preview":"max-video-preview:-1"},"canonical":"https:\/\/ake-bearings.com\/sk\/spolocnost\/","og_locale":"sk_SK","og_type":"article","og_title":"Spolo\u010dnos\u0165 - AKE Skalica","og_description":"Z\u00e1vod AKE Skalica patr\u00ed do skupiny IMET Group, ktor\u00e1 p\u00f4sob\u00ed vo viac ako 20 krajin\u00e1ch sveta a m\u00e1 30 rokov sk\u00fasenost\u00ed. \u00daspechom IMET Group nie s\u00fa len v\u00fdsledky jej spolo\u010dnost\u00ed, ich div\u00edzi\u00ed, od\u0161tepn\u00fdch z\u00e1vodov a obchodn\u00fdch zast\u00fapen\u00ed, ale aj na\u0161a vz\u00e1jomn\u00e1 spolupr\u00e1ca a&nbsp;synergia v r\u00e1mci firemnej skupiny. Z\u00e1merom AKE Skalica je aj na\u010falej rozv\u00edja\u0165 v\u00fdrobu [&hellip;]","og_url":"https:\/\/ake-bearings.com\/sk\/spolocnost\/","og_site_name":"AKE Skalica","article_modified_time":"2024-07-12T14:16:56+00:00","og_image":[{"width":1024,"height":824,"url":"https:\/\/ake-bearings.com\/wp-content\/uploads\/2024\/05\/company-1024x824.png","type":"image\/png"}],"twitter_card":"summary_large_image","twitter_misc":{"Predpokladan\u00fd \u010das \u010d\u00edtania":"1 min\u00fata"},"schema":{"@context":"https:\/\/schema.org","@graph":[{"@type":"WebPage","@id":"https:\/\/ake-bearings.com\/sk\/spolocnost\/","url":"https:\/\/ake-bearings.com\/sk\/spolocnost\/","name":"Spolo\u010dnos\u0165 - AKE Skalica","isPartOf":{"@id":"https:\/\/ake-bearings.com\/sk\/#website"},"primaryImageOfPage":{"@id":"https:\/\/ake-bearings.com\/sk\/spolocnost\/#primaryimage"},"image":{"@id":"https:\/\/ake-bearings.com\/sk\/spolocnost\/#primaryimage"},"thumbnailUrl":"https:\/\/ake-bearings.com\/wp-content\/uploads\/2024\/05\/company.png","datePublished":"2024-04-30T11:34:02+00:00","dateModified":"2024-07-12T14:16:56+00:00","breadcrumb":{"@id":"https:\/\/ake-bearings.com\/sk\/spolocnost\/#breadcrumb"},"inLanguage":"sk-SK","potentialAction":[{"@type":"ReadAction","target":["https:\/\/ake-bearings.com\/sk\/spolocnost\/"]}]},{"@type":"ImageObject","inLanguage":"sk-SK","@id":"https:\/\/ake-bearings.com\/sk\/spolocnost\/#primaryimage","url":"https:\/\/ake-bearings.com\/wp-content\/uploads\/2024\/05\/company.png","contentUrl":"https:\/\/ake-bearings.com\/wp-content\/uploads\/2024\/05\/company.png","width":1200,"height":966},{"@type":"BreadcrumbList","@id":"https:\/\/ake-bearings.com\/sk\/spolocnost\/#breadcrumb","itemListElement":[{"@type":"ListItem","position":1,"name":"Home","item":"https:\/\/ake-bearings.com\/sk\/"},{"@type":"ListItem","position":2,"name":"Spolo\u010dnos\u0165"}]},{"@type":"WebSite","@id":"https:\/\/ake-bearings.com\/sk\/#website","url":"https:\/\/ake-bearings.com\/sk\/","name":"AKE Skalica","description":"Aviation &amp; Space Tech bearing production","potentialAction":[{"@type":"SearchAction","target":{"@type":"EntryPoint","urlTemplate":"https:\/\/ake-bearings.com\/sk\/?s={search_term_string}"},"query-input":{"@type":"PropertyValueSpecification","valueRequired":true,"valueName":"search_term_string"}}],"inLanguage":"sk-SK"}]}},"_links":{"self":[{"href":"https:\/\/ake-bearings.com\/sk\/wp-json\/wp\/v2\/pages\/1714","targetHints":{"allow":["GET"]}}],"collection":[{"href":"https:\/\/ake-bearings.com\/sk\/wp-json\/wp\/v2\/pages"}],"about":[{"href":"https:\/\/ake-bearings.com\/sk\/wp-json\/wp\/v2\/types\/page"}],"author":[{"embeddable":true,"href":"https:\/\/ake-bearings.com\/sk\/wp-json\/wp\/v2\/users\/1"}],"replies":[{"embeddable":true,"href":"https:\/\/ake-bearings.com\/sk\/wp-json\/wp\/v2\/comments?post=1714"}],"version-history":[{"count":3,"href":"https:\/\/ake-bearings.com\/sk\/wp-json\/wp\/v2\/pages\/1714\/revisions"}],"predecessor-version":[{"id":1985,"href":"https:\/\/ake-bearings.com\/sk\/wp-json\/wp\/v2\/pages\/1714\/revisions\/1985"}],"wp:featuredmedia":[{"embeddable":true,"href":"https:\/\/ake-bearings.com\/sk\/wp-json\/wp\/v2\/media\/1561"}],"wp:attachment":[{"href":"https:\/\/ake-bearings.com\/sk\/wp-json\/wp\/v2\/media?parent=1714"}],"curies":[{"name":"wp","href":"https:\/\/api.w.org\/{rel}","templated":true}]}}