{"id":1705,"date":"2024-03-14T13:46:36","date_gmt":"2024-03-14T12:46:36","guid":{"rendered":"https:\/\/ake-bearings.com\/products\/ball-bearings\/"},"modified":"2024-07-12T16:11:55","modified_gmt":"2024-07-12T14:11:55","slug":"ball-bearings","status":"publish","type":"page","link":"https:\/\/ake-bearings.com\/sk\/produkty\/gulkove-loziska\/","title":{"rendered":"Gu\u013ekov\u00e9 lo\u017eisk\u00e1 AKE"},"content":{"rendered":"\n<p>Gu\u013ekov\u00e9 lo\u017eisk\u00e1 s\u00fa jedn\u00fdm z najpou\u017e\u00edvanej\u0161\u00edch typov valiv\u00fdch lo\u017e\u00edsk. Lo\u017eisk\u00e1 s\u00fa schopn\u00e9 dosahova\u0165 vysok\u00e9 r\u00fdchlosti ot\u00e1\u010dania, \u010do ich rob\u00ed vhodn\u00fdmi pre leteck\u00e9 aplik\u00e1cie.\u00a0<br>V\u00a0AKE Skalica vyr\u00e1bame gu\u013ekov\u00e9 lo\u017eisk\u00e1 vo viacer\u00fdch kon\u0161truk\u010dn\u00fdch podskupin\u00e1ch ako vysoko presn\u00e9 a \u0161peci\u00e1lne lo\u017eisk\u00e1 <strong>najm\u00e4 pre leteck\u00fd priemysel, do\u00a0\u00farovne presnosti ABEC 9.<\/strong><\/p>\n","protected":false},"excerpt":{"rendered":"<p>Gu\u013ekov\u00e9 lo\u017eisk\u00e1 s\u00fa jedn\u00fdm z najpou\u017e\u00edvanej\u0161\u00edch typov valiv\u00fdch lo\u017e\u00edsk. Lo\u017eisk\u00e1 s\u00fa schopn\u00e9 dosahova\u0165 vysok\u00e9 r\u00fdchlosti ot\u00e1\u010dania, \u010do ich rob\u00ed vhodn\u00fdmi pre leteck\u00e9 aplik\u00e1cie.\u00a0V\u00a0AKE Skalica vyr\u00e1bame gu\u013ekov\u00e9 lo\u017eisk\u00e1 vo viacer\u00fdch kon\u0161truk\u010dn\u00fdch podskupin\u00e1ch ako vysoko presn\u00e9 a \u0161peci\u00e1lne lo\u017eisk\u00e1 najm\u00e4 pre leteck\u00fd priemysel, do\u00a0\u00farovne presnosti ABEC 9.<\/p>\n","protected":false},"author":1,"featured_media":718,"parent":1693,"menu_order":12,"comment_status":"closed","ping_status":"closed","template":"","meta":{"_acf_changed":false,"inline_featured_image":false,"footnotes":""},"class_list":["post-1705","page","type-page","status-publish","has-post-thumbnail","hentry"],"acf":[],"yoast_head":"<!-- This site is optimized with the Yoast SEO plugin v26.9 - https:\/\/yoast.com\/product\/yoast-seo-wordpress\/ -->\n<title>Gu\u013ekov\u00e9 lo\u017eisk\u00e1 AKE - AKE Skalica<\/title>\n<meta name=\"robots\" content=\"index, follow, max-snippet:-1, max-image-preview:large, max-video-preview:-1\" \/>\n<link rel=\"canonical\" href=\"https:\/\/ake-bearings.com\/sk\/produkty\/gulkove-loziska\/\" \/>\n<meta property=\"og:locale\" content=\"sk_SK\" \/>\n<meta property=\"og:type\" content=\"article\" \/>\n<meta property=\"og:title\" content=\"Gu\u013ekov\u00e9 lo\u017eisk\u00e1 AKE - AKE Skalica\" \/>\n<meta property=\"og:description\" content=\"Gu\u013ekov\u00e9 lo\u017eisk\u00e1 s\u00fa jedn\u00fdm z najpou\u017e\u00edvanej\u0161\u00edch typov valiv\u00fdch lo\u017e\u00edsk. Lo\u017eisk\u00e1 s\u00fa schopn\u00e9 dosahova\u0165 vysok\u00e9 r\u00fdchlosti ot\u00e1\u010dania, \u010do ich rob\u00ed vhodn\u00fdmi pre leteck\u00e9 aplik\u00e1cie.\u00a0V\u00a0AKE Skalica vyr\u00e1bame gu\u013ekov\u00e9 lo\u017eisk\u00e1 vo viacer\u00fdch kon\u0161truk\u010dn\u00fdch podskupin\u00e1ch ako vysoko presn\u00e9 a \u0161peci\u00e1lne lo\u017eisk\u00e1 najm\u00e4 pre leteck\u00fd priemysel, do\u00a0\u00farovne presnosti ABEC 9.\" \/>\n<meta property=\"og:url\" content=\"https:\/\/ake-bearings.com\/sk\/produkty\/gulkove-loziska\/\" \/>\n<meta property=\"og:site_name\" content=\"AKE Skalica\" \/>\n<meta property=\"article:modified_time\" content=\"2024-07-12T14:11:55+00:00\" \/>\n<meta property=\"og:image\" content=\"https:\/\/ake-bearings.com\/wp-content\/uploads\/2024\/04\/ball-bearing-1024x1024.png\" \/>\n\t<meta property=\"og:image:width\" content=\"1024\" \/>\n\t<meta property=\"og:image:height\" content=\"1024\" \/>\n\t<meta property=\"og:image:type\" content=\"image\/png\" \/>\n<meta name=\"twitter:card\" content=\"summary_large_image\" \/>\n<meta name=\"twitter:label1\" content=\"Predpokladan\u00fd \u010das \u010d\u00edtania\" \/>\n\t<meta name=\"twitter:data1\" content=\"1 min\u00fata\" \/>\n<script type=\"application\/ld+json\" class=\"yoast-schema-graph\">{\"@context\":\"https:\/\/schema.org\",\"@graph\":[{\"@type\":\"WebPage\",\"@id\":\"https:\/\/ake-bearings.com\/sk\/produkty\/gulkove-loziska\/\",\"url\":\"https:\/\/ake-bearings.com\/sk\/produkty\/gulkove-loziska\/\",\"name\":\"Gu\u013ekov\u00e9 lo\u017eisk\u00e1 AKE - AKE Skalica\",\"isPartOf\":{\"@id\":\"https:\/\/ake-bearings.com\/sk\/#website\"},\"primaryImageOfPage\":{\"@id\":\"https:\/\/ake-bearings.com\/sk\/produkty\/gulkove-loziska\/#primaryimage\"},\"image\":{\"@id\":\"https:\/\/ake-bearings.com\/sk\/produkty\/gulkove-loziska\/#primaryimage\"},\"thumbnailUrl\":\"https:\/\/ake-bearings.com\/wp-content\/uploads\/2024\/04\/ball-bearing-e1712149950952.png\",\"datePublished\":\"2024-03-14T12:46:36+00:00\",\"dateModified\":\"2024-07-12T14:11:55+00:00\",\"breadcrumb\":{\"@id\":\"https:\/\/ake-bearings.com\/sk\/produkty\/gulkove-loziska\/#breadcrumb\"},\"inLanguage\":\"sk-SK\",\"potentialAction\":[{\"@type\":\"ReadAction\",\"target\":[\"https:\/\/ake-bearings.com\/sk\/produkty\/gulkove-loziska\/\"]}]},{\"@type\":\"ImageObject\",\"inLanguage\":\"sk-SK\",\"@id\":\"https:\/\/ake-bearings.com\/sk\/produkty\/gulkove-loziska\/#primaryimage\",\"url\":\"https:\/\/ake-bearings.com\/wp-content\/uploads\/2024\/04\/ball-bearing-e1712149950952.png\",\"contentUrl\":\"https:\/\/ake-bearings.com\/wp-content\/uploads\/2024\/04\/ball-bearing-e1712149950952.png\",\"width\":2812,\"height\":2812},{\"@type\":\"BreadcrumbList\",\"@id\":\"https:\/\/ake-bearings.com\/sk\/produkty\/gulkove-loziska\/#breadcrumb\",\"itemListElement\":[{\"@type\":\"ListItem\",\"position\":1,\"name\":\"Home\",\"item\":\"https:\/\/ake-bearings.com\/sk\/\"},{\"@type\":\"ListItem\",\"position\":2,\"name\":\"\u0160peci\u00e1lne a vysoko presn\u00e9 lo\u017eisk\u00e1 AKE\",\"item\":\"https:\/\/ake-bearings.com\/sk\/products\/\"},{\"@type\":\"ListItem\",\"position\":3,\"name\":\"Gu\u013ekov\u00e9 lo\u017eisk\u00e1 AKE\"}]},{\"@type\":\"WebSite\",\"@id\":\"https:\/\/ake-bearings.com\/sk\/#website\",\"url\":\"https:\/\/ake-bearings.com\/sk\/\",\"name\":\"AKE Skalica\",\"description\":\"Aviation &amp; Space Tech bearing production\",\"potentialAction\":[{\"@type\":\"SearchAction\",\"target\":{\"@type\":\"EntryPoint\",\"urlTemplate\":\"https:\/\/ake-bearings.com\/sk\/?s={search_term_string}\"},\"query-input\":{\"@type\":\"PropertyValueSpecification\",\"valueRequired\":true,\"valueName\":\"search_term_string\"}}],\"inLanguage\":\"sk-SK\"}]}<\/script>\n<!-- \/ Yoast SEO plugin. -->","yoast_head_json":{"title":"Gu\u013ekov\u00e9 lo\u017eisk\u00e1 AKE - AKE Skalica","robots":{"index":"index","follow":"follow","max-snippet":"max-snippet:-1","max-image-preview":"max-image-preview:large","max-video-preview":"max-video-preview:-1"},"canonical":"https:\/\/ake-bearings.com\/sk\/produkty\/gulkove-loziska\/","og_locale":"sk_SK","og_type":"article","og_title":"Gu\u013ekov\u00e9 lo\u017eisk\u00e1 AKE - AKE Skalica","og_description":"Gu\u013ekov\u00e9 lo\u017eisk\u00e1 s\u00fa jedn\u00fdm z najpou\u017e\u00edvanej\u0161\u00edch typov valiv\u00fdch lo\u017e\u00edsk. Lo\u017eisk\u00e1 s\u00fa schopn\u00e9 dosahova\u0165 vysok\u00e9 r\u00fdchlosti ot\u00e1\u010dania, \u010do ich rob\u00ed vhodn\u00fdmi pre leteck\u00e9 aplik\u00e1cie.\u00a0V\u00a0AKE Skalica vyr\u00e1bame gu\u013ekov\u00e9 lo\u017eisk\u00e1 vo viacer\u00fdch kon\u0161truk\u010dn\u00fdch podskupin\u00e1ch ako vysoko presn\u00e9 a \u0161peci\u00e1lne lo\u017eisk\u00e1 najm\u00e4 pre leteck\u00fd priemysel, do\u00a0\u00farovne presnosti ABEC 9.","og_url":"https:\/\/ake-bearings.com\/sk\/produkty\/gulkove-loziska\/","og_site_name":"AKE Skalica","article_modified_time":"2024-07-12T14:11:55+00:00","og_image":[{"width":1024,"height":1024,"url":"https:\/\/ake-bearings.com\/wp-content\/uploads\/2024\/04\/ball-bearing-1024x1024.png","type":"image\/png"}],"twitter_card":"summary_large_image","twitter_misc":{"Predpokladan\u00fd \u010das \u010d\u00edtania":"1 min\u00fata"},"schema":{"@context":"https:\/\/schema.org","@graph":[{"@type":"WebPage","@id":"https:\/\/ake-bearings.com\/sk\/produkty\/gulkove-loziska\/","url":"https:\/\/ake-bearings.com\/sk\/produkty\/gulkove-loziska\/","name":"Gu\u013ekov\u00e9 lo\u017eisk\u00e1 AKE - AKE Skalica","isPartOf":{"@id":"https:\/\/ake-bearings.com\/sk\/#website"},"primaryImageOfPage":{"@id":"https:\/\/ake-bearings.com\/sk\/produkty\/gulkove-loziska\/#primaryimage"},"image":{"@id":"https:\/\/ake-bearings.com\/sk\/produkty\/gulkove-loziska\/#primaryimage"},"thumbnailUrl":"https:\/\/ake-bearings.com\/wp-content\/uploads\/2024\/04\/ball-bearing-e1712149950952.png","datePublished":"2024-03-14T12:46:36+00:00","dateModified":"2024-07-12T14:11:55+00:00","breadcrumb":{"@id":"https:\/\/ake-bearings.com\/sk\/produkty\/gulkove-loziska\/#breadcrumb"},"inLanguage":"sk-SK","potentialAction":[{"@type":"ReadAction","target":["https:\/\/ake-bearings.com\/sk\/produkty\/gulkove-loziska\/"]}]},{"@type":"ImageObject","inLanguage":"sk-SK","@id":"https:\/\/ake-bearings.com\/sk\/produkty\/gulkove-loziska\/#primaryimage","url":"https:\/\/ake-bearings.com\/wp-content\/uploads\/2024\/04\/ball-bearing-e1712149950952.png","contentUrl":"https:\/\/ake-bearings.com\/wp-content\/uploads\/2024\/04\/ball-bearing-e1712149950952.png","width":2812,"height":2812},{"@type":"BreadcrumbList","@id":"https:\/\/ake-bearings.com\/sk\/produkty\/gulkove-loziska\/#breadcrumb","itemListElement":[{"@type":"ListItem","position":1,"name":"Home","item":"https:\/\/ake-bearings.com\/sk\/"},{"@type":"ListItem","position":2,"name":"\u0160peci\u00e1lne a vysoko presn\u00e9 lo\u017eisk\u00e1 AKE","item":"https:\/\/ake-bearings.com\/sk\/products\/"},{"@type":"ListItem","position":3,"name":"Gu\u013ekov\u00e9 lo\u017eisk\u00e1 AKE"}]},{"@type":"WebSite","@id":"https:\/\/ake-bearings.com\/sk\/#website","url":"https:\/\/ake-bearings.com\/sk\/","name":"AKE Skalica","description":"Aviation &amp; Space Tech bearing production","potentialAction":[{"@type":"SearchAction","target":{"@type":"EntryPoint","urlTemplate":"https:\/\/ake-bearings.com\/sk\/?s={search_term_string}"},"query-input":{"@type":"PropertyValueSpecification","valueRequired":true,"valueName":"search_term_string"}}],"inLanguage":"sk-SK"}]}},"_links":{"self":[{"href":"https:\/\/ake-bearings.com\/sk\/wp-json\/wp\/v2\/pages\/1705","targetHints":{"allow":["GET"]}}],"collection":[{"href":"https:\/\/ake-bearings.com\/sk\/wp-json\/wp\/v2\/pages"}],"about":[{"href":"https:\/\/ake-bearings.com\/sk\/wp-json\/wp\/v2\/types\/page"}],"author":[{"embeddable":true,"href":"https:\/\/ake-bearings.com\/sk\/wp-json\/wp\/v2\/users\/1"}],"replies":[{"embeddable":true,"href":"https:\/\/ake-bearings.com\/sk\/wp-json\/wp\/v2\/comments?post=1705"}],"version-history":[{"count":4,"href":"https:\/\/ake-bearings.com\/sk\/wp-json\/wp\/v2\/pages\/1705\/revisions"}],"predecessor-version":[{"id":1982,"href":"https:\/\/ake-bearings.com\/sk\/wp-json\/wp\/v2\/pages\/1705\/revisions\/1982"}],"up":[{"embeddable":true,"href":"https:\/\/ake-bearings.com\/sk\/wp-json\/wp\/v2\/pages\/1693"}],"wp:featuredmedia":[{"embeddable":true,"href":"https:\/\/ake-bearings.com\/sk\/wp-json\/wp\/v2\/media\/718"}],"wp:attachment":[{"href":"https:\/\/ake-bearings.com\/sk\/wp-json\/wp\/v2\/media?parent=1705"}],"curies":[{"name":"wp","href":"https:\/\/api.w.org\/{rel}","templated":true}]}}