{"id":1665,"date":"2024-03-14T13:12:00","date_gmt":"2024-03-14T12:12:00","guid":{"rendered":"https:\/\/ake-bearings.com\/letecky-priemysel-a-vesmirne-technologie\/defence\/"},"modified":"2024-07-12T16:35:50","modified_gmt":"2024-07-12T14:35:50","slug":"defence","status":"publish","type":"page","link":"https:\/\/ake-bearings.com\/sk\/odvetvia\/letectvo-vesmir\/obrana\/","title":{"rendered":"Obrann\u00fd priemysel"},"content":{"rendered":"\n<p>Obrann\u00fd priemysel predstavuje \u0161irok\u00e9 odvetvie zameran\u00e9 na v\u00fdvoj, v\u00fdrobu a distrib\u00faciu materi\u00e1lu, zariaden\u00ed, technol\u00f3gi\u00ed, slu\u017eieb na obranu a bezpe\u010dnos\u0165 \u0161t\u00e1tu. N\u00e1\u0161 v\u00fdrobn\u00fd z\u00e1vod sa nach\u00e1dza na \u00fazem\u00ed SR, ktor\u00e9 je \u010dlenom E\u00da a\u00a0NATO.<\/p>\n","protected":false},"excerpt":{"rendered":"<p>Obrann\u00fd priemysel predstavuje \u0161irok\u00e9 odvetvie zameran\u00e9 na v\u00fdvoj, v\u00fdrobu a distrib\u00faciu materi\u00e1lu, zariaden\u00ed, technol\u00f3gi\u00ed, slu\u017eieb na obranu a bezpe\u010dnos\u0165 \u0161t\u00e1tu. N\u00e1\u0161 v\u00fdrobn\u00fd z\u00e1vod sa nach\u00e1dza na \u00fazem\u00ed SR, ktor\u00e9 je \u010dlenom E\u00da a\u00a0NATO.<\/p>\n","protected":false},"author":1,"featured_media":1501,"parent":1639,"menu_order":51,"comment_status":"closed","ping_status":"closed","template":"","meta":{"_acf_changed":false,"inline_featured_image":false,"footnotes":""},"class_list":["post-1665","page","type-page","status-publish","has-post-thumbnail","hentry"],"acf":[],"yoast_head":"<!-- This site is optimized with the Yoast SEO plugin v26.9 - https:\/\/yoast.com\/product\/yoast-seo-wordpress\/ -->\n<title>Obrann\u00fd priemysel - AKE Skalica<\/title>\n<meta name=\"robots\" content=\"index, follow, max-snippet:-1, max-image-preview:large, max-video-preview:-1\" \/>\n<link rel=\"canonical\" href=\"https:\/\/ake-bearings.com\/sk\/odvetvia\/letectvo-vesmir\/obrana\/\" \/>\n<meta property=\"og:locale\" content=\"sk_SK\" \/>\n<meta property=\"og:type\" content=\"article\" \/>\n<meta property=\"og:title\" content=\"Obrann\u00fd priemysel - AKE Skalica\" \/>\n<meta property=\"og:description\" content=\"Obrann\u00fd priemysel predstavuje \u0161irok\u00e9 odvetvie zameran\u00e9 na v\u00fdvoj, v\u00fdrobu a distrib\u00faciu materi\u00e1lu, zariaden\u00ed, technol\u00f3gi\u00ed, slu\u017eieb na obranu a bezpe\u010dnos\u0165 \u0161t\u00e1tu. N\u00e1\u0161 v\u00fdrobn\u00fd z\u00e1vod sa nach\u00e1dza na \u00fazem\u00ed SR, ktor\u00e9 je \u010dlenom E\u00da a\u00a0NATO.\" \/>\n<meta property=\"og:url\" content=\"https:\/\/ake-bearings.com\/sk\/odvetvia\/letectvo-vesmir\/obrana\/\" \/>\n<meta property=\"og:site_name\" content=\"AKE Skalica\" \/>\n<meta property=\"article:modified_time\" content=\"2024-07-12T14:35:50+00:00\" \/>\n<meta property=\"og:image\" content=\"https:\/\/ake-bearings.com\/wp-content\/uploads\/2024\/05\/Defence-1.png\" \/>\n\t<meta property=\"og:image:width\" content=\"1200\" \/>\n\t<meta property=\"og:image:height\" content=\"966\" \/>\n\t<meta property=\"og:image:type\" content=\"image\/png\" \/>\n<meta name=\"twitter:card\" content=\"summary_large_image\" \/>\n<meta name=\"twitter:label1\" content=\"Predpokladan\u00fd \u010das \u010d\u00edtania\" \/>\n\t<meta name=\"twitter:data1\" content=\"1 min\u00fata\" \/>\n<script type=\"application\/ld+json\" class=\"yoast-schema-graph\">{\"@context\":\"https:\/\/schema.org\",\"@graph\":[{\"@type\":\"WebPage\",\"@id\":\"https:\/\/ake-bearings.com\/sk\/odvetvia\/letectvo-vesmir\/obrana\/\",\"url\":\"https:\/\/ake-bearings.com\/sk\/odvetvia\/letectvo-vesmir\/obrana\/\",\"name\":\"Obrann\u00fd priemysel - AKE Skalica\",\"isPartOf\":{\"@id\":\"https:\/\/ake-bearings.com\/sk\/#website\"},\"primaryImageOfPage\":{\"@id\":\"https:\/\/ake-bearings.com\/sk\/odvetvia\/letectvo-vesmir\/obrana\/#primaryimage\"},\"image\":{\"@id\":\"https:\/\/ake-bearings.com\/sk\/odvetvia\/letectvo-vesmir\/obrana\/#primaryimage\"},\"thumbnailUrl\":\"https:\/\/ake-bearings.com\/wp-content\/uploads\/2024\/05\/Defence-1.png\",\"datePublished\":\"2024-03-14T12:12:00+00:00\",\"dateModified\":\"2024-07-12T14:35:50+00:00\",\"breadcrumb\":{\"@id\":\"https:\/\/ake-bearings.com\/sk\/odvetvia\/letectvo-vesmir\/obrana\/#breadcrumb\"},\"inLanguage\":\"sk-SK\",\"potentialAction\":[{\"@type\":\"ReadAction\",\"target\":[\"https:\/\/ake-bearings.com\/sk\/odvetvia\/letectvo-vesmir\/obrana\/\"]}]},{\"@type\":\"ImageObject\",\"inLanguage\":\"sk-SK\",\"@id\":\"https:\/\/ake-bearings.com\/sk\/odvetvia\/letectvo-vesmir\/obrana\/#primaryimage\",\"url\":\"https:\/\/ake-bearings.com\/wp-content\/uploads\/2024\/05\/Defence-1.png\",\"contentUrl\":\"https:\/\/ake-bearings.com\/wp-content\/uploads\/2024\/05\/Defence-1.png\",\"width\":1200,\"height\":966},{\"@type\":\"BreadcrumbList\",\"@id\":\"https:\/\/ake-bearings.com\/sk\/odvetvia\/letectvo-vesmir\/obrana\/#breadcrumb\",\"itemListElement\":[{\"@type\":\"ListItem\",\"position\":1,\"name\":\"Home\",\"item\":\"https:\/\/ake-bearings.com\/sk\/\"},{\"@type\":\"ListItem\",\"position\":2,\"name\":\"Odvetvia\",\"item\":\"https:\/\/ake-bearings.com\/sk\/odvetvia\/\"},{\"@type\":\"ListItem\",\"position\":3,\"name\":\"Leteck\u00fd priemysel a\u00a0vesm\u00edrne technol\u00f3gie\",\"item\":\"https:\/\/ake-bearings.com\/sk\/industries\/aviation-space-tech\/\"},{\"@type\":\"ListItem\",\"position\":4,\"name\":\"Obrann\u00fd priemysel\"}]},{\"@type\":\"WebSite\",\"@id\":\"https:\/\/ake-bearings.com\/sk\/#website\",\"url\":\"https:\/\/ake-bearings.com\/sk\/\",\"name\":\"AKE Skalica\",\"description\":\"Aviation &amp; Space Tech bearing production\",\"potentialAction\":[{\"@type\":\"SearchAction\",\"target\":{\"@type\":\"EntryPoint\",\"urlTemplate\":\"https:\/\/ake-bearings.com\/sk\/?s={search_term_string}\"},\"query-input\":{\"@type\":\"PropertyValueSpecification\",\"valueRequired\":true,\"valueName\":\"search_term_string\"}}],\"inLanguage\":\"sk-SK\"}]}<\/script>\n<!-- \/ Yoast SEO plugin. -->","yoast_head_json":{"title":"Obrann\u00fd priemysel - AKE Skalica","robots":{"index":"index","follow":"follow","max-snippet":"max-snippet:-1","max-image-preview":"max-image-preview:large","max-video-preview":"max-video-preview:-1"},"canonical":"https:\/\/ake-bearings.com\/sk\/odvetvia\/letectvo-vesmir\/obrana\/","og_locale":"sk_SK","og_type":"article","og_title":"Obrann\u00fd priemysel - AKE Skalica","og_description":"Obrann\u00fd priemysel predstavuje \u0161irok\u00e9 odvetvie zameran\u00e9 na v\u00fdvoj, v\u00fdrobu a distrib\u00faciu materi\u00e1lu, zariaden\u00ed, technol\u00f3gi\u00ed, slu\u017eieb na obranu a bezpe\u010dnos\u0165 \u0161t\u00e1tu. N\u00e1\u0161 v\u00fdrobn\u00fd z\u00e1vod sa nach\u00e1dza na \u00fazem\u00ed SR, ktor\u00e9 je \u010dlenom E\u00da a\u00a0NATO.","og_url":"https:\/\/ake-bearings.com\/sk\/odvetvia\/letectvo-vesmir\/obrana\/","og_site_name":"AKE Skalica","article_modified_time":"2024-07-12T14:35:50+00:00","og_image":[{"width":1200,"height":966,"url":"https:\/\/ake-bearings.com\/wp-content\/uploads\/2024\/05\/Defence-1.png","type":"image\/png"}],"twitter_card":"summary_large_image","twitter_misc":{"Predpokladan\u00fd \u010das \u010d\u00edtania":"1 min\u00fata"},"schema":{"@context":"https:\/\/schema.org","@graph":[{"@type":"WebPage","@id":"https:\/\/ake-bearings.com\/sk\/odvetvia\/letectvo-vesmir\/obrana\/","url":"https:\/\/ake-bearings.com\/sk\/odvetvia\/letectvo-vesmir\/obrana\/","name":"Obrann\u00fd priemysel - AKE Skalica","isPartOf":{"@id":"https:\/\/ake-bearings.com\/sk\/#website"},"primaryImageOfPage":{"@id":"https:\/\/ake-bearings.com\/sk\/odvetvia\/letectvo-vesmir\/obrana\/#primaryimage"},"image":{"@id":"https:\/\/ake-bearings.com\/sk\/odvetvia\/letectvo-vesmir\/obrana\/#primaryimage"},"thumbnailUrl":"https:\/\/ake-bearings.com\/wp-content\/uploads\/2024\/05\/Defence-1.png","datePublished":"2024-03-14T12:12:00+00:00","dateModified":"2024-07-12T14:35:50+00:00","breadcrumb":{"@id":"https:\/\/ake-bearings.com\/sk\/odvetvia\/letectvo-vesmir\/obrana\/#breadcrumb"},"inLanguage":"sk-SK","potentialAction":[{"@type":"ReadAction","target":["https:\/\/ake-bearings.com\/sk\/odvetvia\/letectvo-vesmir\/obrana\/"]}]},{"@type":"ImageObject","inLanguage":"sk-SK","@id":"https:\/\/ake-bearings.com\/sk\/odvetvia\/letectvo-vesmir\/obrana\/#primaryimage","url":"https:\/\/ake-bearings.com\/wp-content\/uploads\/2024\/05\/Defence-1.png","contentUrl":"https:\/\/ake-bearings.com\/wp-content\/uploads\/2024\/05\/Defence-1.png","width":1200,"height":966},{"@type":"BreadcrumbList","@id":"https:\/\/ake-bearings.com\/sk\/odvetvia\/letectvo-vesmir\/obrana\/#breadcrumb","itemListElement":[{"@type":"ListItem","position":1,"name":"Home","item":"https:\/\/ake-bearings.com\/sk\/"},{"@type":"ListItem","position":2,"name":"Odvetvia","item":"https:\/\/ake-bearings.com\/sk\/odvetvia\/"},{"@type":"ListItem","position":3,"name":"Leteck\u00fd priemysel a\u00a0vesm\u00edrne technol\u00f3gie","item":"https:\/\/ake-bearings.com\/sk\/industries\/aviation-space-tech\/"},{"@type":"ListItem","position":4,"name":"Obrann\u00fd priemysel"}]},{"@type":"WebSite","@id":"https:\/\/ake-bearings.com\/sk\/#website","url":"https:\/\/ake-bearings.com\/sk\/","name":"AKE Skalica","description":"Aviation &amp; Space Tech bearing production","potentialAction":[{"@type":"SearchAction","target":{"@type":"EntryPoint","urlTemplate":"https:\/\/ake-bearings.com\/sk\/?s={search_term_string}"},"query-input":{"@type":"PropertyValueSpecification","valueRequired":true,"valueName":"search_term_string"}}],"inLanguage":"sk-SK"}]}},"_links":{"self":[{"href":"https:\/\/ake-bearings.com\/sk\/wp-json\/wp\/v2\/pages\/1665","targetHints":{"allow":["GET"]}}],"collection":[{"href":"https:\/\/ake-bearings.com\/sk\/wp-json\/wp\/v2\/pages"}],"about":[{"href":"https:\/\/ake-bearings.com\/sk\/wp-json\/wp\/v2\/types\/page"}],"author":[{"embeddable":true,"href":"https:\/\/ake-bearings.com\/sk\/wp-json\/wp\/v2\/users\/1"}],"replies":[{"embeddable":true,"href":"https:\/\/ake-bearings.com\/sk\/wp-json\/wp\/v2\/comments?post=1665"}],"version-history":[{"count":4,"href":"https:\/\/ake-bearings.com\/sk\/wp-json\/wp\/v2\/pages\/1665\/revisions"}],"predecessor-version":[{"id":2001,"href":"https:\/\/ake-bearings.com\/sk\/wp-json\/wp\/v2\/pages\/1665\/revisions\/2001"}],"up":[{"embeddable":true,"href":"https:\/\/ake-bearings.com\/sk\/wp-json\/wp\/v2\/pages\/1639"}],"wp:featuredmedia":[{"embeddable":true,"href":"https:\/\/ake-bearings.com\/sk\/wp-json\/wp\/v2\/media\/1501"}],"wp:attachment":[{"href":"https:\/\/ake-bearings.com\/sk\/wp-json\/wp\/v2\/media?parent=1665"}],"curies":[{"name":"wp","href":"https:\/\/api.w.org\/{rel}","templated":true}]}}