{"id":1648,"date":"2024-03-14T13:16:00","date_gmt":"2024-03-14T12:16:00","guid":{"rendered":"https:\/\/ake-bearings.com\/letecky-priemysel-a-vesmirne-technologie\/helicopters\/"},"modified":"2024-07-12T16:30:55","modified_gmt":"2024-07-12T14:30:55","slug":"helicopters","status":"publish","type":"page","link":"https:\/\/ake-bearings.com\/sk\/odvetvia\/letectvo-vesmir\/vrtulniky\/","title":{"rendered":"Vrtu\u013en\u00edky"},"content":{"rendered":"\n<p>Vrtu\u013en\u00edky sa radia medzi najuniverz\u00e1lnej\u0161ie stroje v modernom svete. Stali sa neocenite\u013en\u00fdmi v mnoh\u00fdch oblastiach \u017eivota od z\u00e1chrann\u00fdch oper\u00e1ci\u00ed v n\u00fadzov\u00fdch situ\u00e1ci\u00e1ch cez vojensk\u00e9 misie a\u017e po prepravu n\u00e1kladu alebo r\u00fdchle presuny \u013eud\u00ed.&nbsp;<\/p>\n\n\n\n<p>K\u013e\u00fa\u010dovou s\u00fa\u010das\u0165ou ka\u017ed\u00e9ho vrtu\u013en\u00edka s\u00fa lo\u017eisk\u00e1, ktor\u00e9 zabezpe\u010duj\u00fa plynul\u00fd a stabiln\u00fd pohyb rotuj\u00facich dielov, ako s\u00fa vrtule a prevodovky.<\/p>\n\n\n\n<p>Z\u00e1vod AKE Skalica produkuje lo\u017eisk\u00e1 najvy\u0161\u0161ej kvality, ktor\u00e9 sp\u013a\u0148aj\u00fa technick\u00e9 po\u017eiadavky v\u00fdrobcov vrtu\u013en\u00edkov, dosahuj\u00fa optim\u00e1lnu v\u00fdkonnos\u0165, dlh\u00fa \u017eivotnos\u0165, a to aj v&nbsp;najn\u00e1ro\u010dnej\u0161\u00edch podmienkach. Kvalitu lo\u017e\u00edsk AKE uvid\u00edte u\u017e pri v\u00fdvoji prototypov lo\u017e\u00edsk pre s\u00fa\u010dasti vrtu\u013en\u00edkov na mieru, pri v\u00fdrobe mal\u00fdch s\u00e9ri\u00ed, a to s na\u0161ou schopnos\u0165ou flexibiln\u00e9ho navy\u0161ovania v\u00fdroby.<\/p>\n","protected":false},"excerpt":{"rendered":"<p>Vrtu\u013en\u00edky sa radia medzi najuniverz\u00e1lnej\u0161ie stroje v modernom svete. Stali sa neocenite\u013en\u00fdmi v mnoh\u00fdch oblastiach \u017eivota od z\u00e1chrann\u00fdch oper\u00e1ci\u00ed v n\u00fadzov\u00fdch situ\u00e1ci\u00e1ch cez vojensk\u00e9 misie a\u017e po prepravu n\u00e1kladu alebo r\u00fdchle presuny \u013eud\u00ed.&nbsp; K\u013e\u00fa\u010dovou s\u00fa\u010das\u0165ou ka\u017ed\u00e9ho vrtu\u013en\u00edka s\u00fa lo\u017eisk\u00e1, ktor\u00e9 zabezpe\u010duj\u00fa plynul\u00fd a stabiln\u00fd pohyb rotuj\u00facich dielov, ako s\u00fa vrtule a prevodovky. Z\u00e1vod AKE Skalica [&hellip;]<\/p>\n","protected":false},"author":1,"featured_media":1577,"parent":1639,"menu_order":21,"comment_status":"closed","ping_status":"closed","template":"","meta":{"_acf_changed":false,"inline_featured_image":false,"footnotes":""},"class_list":["post-1648","page","type-page","status-publish","has-post-thumbnail","hentry"],"acf":[],"yoast_head":"<!-- This site is optimized with the Yoast SEO plugin v26.9 - https:\/\/yoast.com\/product\/yoast-seo-wordpress\/ -->\n<title>Vrtu\u013en\u00edky - AKE Skalica<\/title>\n<meta name=\"robots\" content=\"index, follow, max-snippet:-1, max-image-preview:large, max-video-preview:-1\" \/>\n<link rel=\"canonical\" href=\"https:\/\/ake-bearings.com\/sk\/odvetvia\/letectvo-vesmir\/vrtulniky\/\" \/>\n<meta property=\"og:locale\" content=\"sk_SK\" \/>\n<meta property=\"og:type\" content=\"article\" \/>\n<meta property=\"og:title\" content=\"Vrtu\u013en\u00edky - AKE Skalica\" \/>\n<meta property=\"og:description\" content=\"Vrtu\u013en\u00edky sa radia medzi najuniverz\u00e1lnej\u0161ie stroje v modernom svete. Stali sa neocenite\u013en\u00fdmi v mnoh\u00fdch oblastiach \u017eivota od z\u00e1chrann\u00fdch oper\u00e1ci\u00ed v n\u00fadzov\u00fdch situ\u00e1ci\u00e1ch cez vojensk\u00e9 misie a\u017e po prepravu n\u00e1kladu alebo r\u00fdchle presuny \u013eud\u00ed.&nbsp; K\u013e\u00fa\u010dovou s\u00fa\u010das\u0165ou ka\u017ed\u00e9ho vrtu\u013en\u00edka s\u00fa lo\u017eisk\u00e1, ktor\u00e9 zabezpe\u010duj\u00fa plynul\u00fd a stabiln\u00fd pohyb rotuj\u00facich dielov, ako s\u00fa vrtule a prevodovky. Z\u00e1vod AKE Skalica [&hellip;]\" \/>\n<meta property=\"og:url\" content=\"https:\/\/ake-bearings.com\/sk\/odvetvia\/letectvo-vesmir\/vrtulniky\/\" \/>\n<meta property=\"og:site_name\" content=\"AKE Skalica\" \/>\n<meta property=\"article:modified_time\" content=\"2024-07-12T14:30:55+00:00\" \/>\n<meta property=\"og:image\" content=\"https:\/\/ake-bearings.com\/wp-content\/uploads\/2024\/05\/Helicopters-1.png\" \/>\n\t<meta property=\"og:image:width\" content=\"1200\" \/>\n\t<meta property=\"og:image:height\" content=\"966\" \/>\n\t<meta property=\"og:image:type\" content=\"image\/png\" \/>\n<meta name=\"twitter:card\" content=\"summary_large_image\" \/>\n<meta name=\"twitter:label1\" content=\"Predpokladan\u00fd \u010das \u010d\u00edtania\" \/>\n\t<meta name=\"twitter:data1\" content=\"1 min\u00fata\" \/>\n<script type=\"application\/ld+json\" class=\"yoast-schema-graph\">{\"@context\":\"https:\/\/schema.org\",\"@graph\":[{\"@type\":\"WebPage\",\"@id\":\"https:\/\/ake-bearings.com\/sk\/odvetvia\/letectvo-vesmir\/vrtulniky\/\",\"url\":\"https:\/\/ake-bearings.com\/sk\/odvetvia\/letectvo-vesmir\/vrtulniky\/\",\"name\":\"Vrtu\u013en\u00edky - AKE Skalica\",\"isPartOf\":{\"@id\":\"https:\/\/ake-bearings.com\/sk\/#website\"},\"primaryImageOfPage\":{\"@id\":\"https:\/\/ake-bearings.com\/sk\/odvetvia\/letectvo-vesmir\/vrtulniky\/#primaryimage\"},\"image\":{\"@id\":\"https:\/\/ake-bearings.com\/sk\/odvetvia\/letectvo-vesmir\/vrtulniky\/#primaryimage\"},\"thumbnailUrl\":\"https:\/\/ake-bearings.com\/wp-content\/uploads\/2024\/05\/Helicopters-1.png\",\"datePublished\":\"2024-03-14T12:16:00+00:00\",\"dateModified\":\"2024-07-12T14:30:55+00:00\",\"breadcrumb\":{\"@id\":\"https:\/\/ake-bearings.com\/sk\/odvetvia\/letectvo-vesmir\/vrtulniky\/#breadcrumb\"},\"inLanguage\":\"sk-SK\",\"potentialAction\":[{\"@type\":\"ReadAction\",\"target\":[\"https:\/\/ake-bearings.com\/sk\/odvetvia\/letectvo-vesmir\/vrtulniky\/\"]}]},{\"@type\":\"ImageObject\",\"inLanguage\":\"sk-SK\",\"@id\":\"https:\/\/ake-bearings.com\/sk\/odvetvia\/letectvo-vesmir\/vrtulniky\/#primaryimage\",\"url\":\"https:\/\/ake-bearings.com\/wp-content\/uploads\/2024\/05\/Helicopters-1.png\",\"contentUrl\":\"https:\/\/ake-bearings.com\/wp-content\/uploads\/2024\/05\/Helicopters-1.png\",\"width\":1200,\"height\":966},{\"@type\":\"BreadcrumbList\",\"@id\":\"https:\/\/ake-bearings.com\/sk\/odvetvia\/letectvo-vesmir\/vrtulniky\/#breadcrumb\",\"itemListElement\":[{\"@type\":\"ListItem\",\"position\":1,\"name\":\"Home\",\"item\":\"https:\/\/ake-bearings.com\/sk\/\"},{\"@type\":\"ListItem\",\"position\":2,\"name\":\"Odvetvia\",\"item\":\"https:\/\/ake-bearings.com\/sk\/odvetvia\/\"},{\"@type\":\"ListItem\",\"position\":3,\"name\":\"Leteck\u00fd priemysel a\u00a0vesm\u00edrne technol\u00f3gie\",\"item\":\"https:\/\/ake-bearings.com\/sk\/industries\/aviation-space-tech\/\"},{\"@type\":\"ListItem\",\"position\":4,\"name\":\"Vrtu\u013en\u00edky\"}]},{\"@type\":\"WebSite\",\"@id\":\"https:\/\/ake-bearings.com\/sk\/#website\",\"url\":\"https:\/\/ake-bearings.com\/sk\/\",\"name\":\"AKE Skalica\",\"description\":\"Aviation &amp; Space Tech bearing production\",\"potentialAction\":[{\"@type\":\"SearchAction\",\"target\":{\"@type\":\"EntryPoint\",\"urlTemplate\":\"https:\/\/ake-bearings.com\/sk\/?s={search_term_string}\"},\"query-input\":{\"@type\":\"PropertyValueSpecification\",\"valueRequired\":true,\"valueName\":\"search_term_string\"}}],\"inLanguage\":\"sk-SK\"}]}<\/script>\n<!-- \/ Yoast SEO plugin. -->","yoast_head_json":{"title":"Vrtu\u013en\u00edky - AKE Skalica","robots":{"index":"index","follow":"follow","max-snippet":"max-snippet:-1","max-image-preview":"max-image-preview:large","max-video-preview":"max-video-preview:-1"},"canonical":"https:\/\/ake-bearings.com\/sk\/odvetvia\/letectvo-vesmir\/vrtulniky\/","og_locale":"sk_SK","og_type":"article","og_title":"Vrtu\u013en\u00edky - AKE Skalica","og_description":"Vrtu\u013en\u00edky sa radia medzi najuniverz\u00e1lnej\u0161ie stroje v modernom svete. Stali sa neocenite\u013en\u00fdmi v mnoh\u00fdch oblastiach \u017eivota od z\u00e1chrann\u00fdch oper\u00e1ci\u00ed v n\u00fadzov\u00fdch situ\u00e1ci\u00e1ch cez vojensk\u00e9 misie a\u017e po prepravu n\u00e1kladu alebo r\u00fdchle presuny \u013eud\u00ed.&nbsp; K\u013e\u00fa\u010dovou s\u00fa\u010das\u0165ou ka\u017ed\u00e9ho vrtu\u013en\u00edka s\u00fa lo\u017eisk\u00e1, ktor\u00e9 zabezpe\u010duj\u00fa plynul\u00fd a stabiln\u00fd pohyb rotuj\u00facich dielov, ako s\u00fa vrtule a prevodovky. Z\u00e1vod AKE Skalica [&hellip;]","og_url":"https:\/\/ake-bearings.com\/sk\/odvetvia\/letectvo-vesmir\/vrtulniky\/","og_site_name":"AKE Skalica","article_modified_time":"2024-07-12T14:30:55+00:00","og_image":[{"width":1200,"height":966,"url":"https:\/\/ake-bearings.com\/wp-content\/uploads\/2024\/05\/Helicopters-1.png","type":"image\/png"}],"twitter_card":"summary_large_image","twitter_misc":{"Predpokladan\u00fd \u010das \u010d\u00edtania":"1 min\u00fata"},"schema":{"@context":"https:\/\/schema.org","@graph":[{"@type":"WebPage","@id":"https:\/\/ake-bearings.com\/sk\/odvetvia\/letectvo-vesmir\/vrtulniky\/","url":"https:\/\/ake-bearings.com\/sk\/odvetvia\/letectvo-vesmir\/vrtulniky\/","name":"Vrtu\u013en\u00edky - AKE Skalica","isPartOf":{"@id":"https:\/\/ake-bearings.com\/sk\/#website"},"primaryImageOfPage":{"@id":"https:\/\/ake-bearings.com\/sk\/odvetvia\/letectvo-vesmir\/vrtulniky\/#primaryimage"},"image":{"@id":"https:\/\/ake-bearings.com\/sk\/odvetvia\/letectvo-vesmir\/vrtulniky\/#primaryimage"},"thumbnailUrl":"https:\/\/ake-bearings.com\/wp-content\/uploads\/2024\/05\/Helicopters-1.png","datePublished":"2024-03-14T12:16:00+00:00","dateModified":"2024-07-12T14:30:55+00:00","breadcrumb":{"@id":"https:\/\/ake-bearings.com\/sk\/odvetvia\/letectvo-vesmir\/vrtulniky\/#breadcrumb"},"inLanguage":"sk-SK","potentialAction":[{"@type":"ReadAction","target":["https:\/\/ake-bearings.com\/sk\/odvetvia\/letectvo-vesmir\/vrtulniky\/"]}]},{"@type":"ImageObject","inLanguage":"sk-SK","@id":"https:\/\/ake-bearings.com\/sk\/odvetvia\/letectvo-vesmir\/vrtulniky\/#primaryimage","url":"https:\/\/ake-bearings.com\/wp-content\/uploads\/2024\/05\/Helicopters-1.png","contentUrl":"https:\/\/ake-bearings.com\/wp-content\/uploads\/2024\/05\/Helicopters-1.png","width":1200,"height":966},{"@type":"BreadcrumbList","@id":"https:\/\/ake-bearings.com\/sk\/odvetvia\/letectvo-vesmir\/vrtulniky\/#breadcrumb","itemListElement":[{"@type":"ListItem","position":1,"name":"Home","item":"https:\/\/ake-bearings.com\/sk\/"},{"@type":"ListItem","position":2,"name":"Odvetvia","item":"https:\/\/ake-bearings.com\/sk\/odvetvia\/"},{"@type":"ListItem","position":3,"name":"Leteck\u00fd priemysel a\u00a0vesm\u00edrne technol\u00f3gie","item":"https:\/\/ake-bearings.com\/sk\/industries\/aviation-space-tech\/"},{"@type":"ListItem","position":4,"name":"Vrtu\u013en\u00edky"}]},{"@type":"WebSite","@id":"https:\/\/ake-bearings.com\/sk\/#website","url":"https:\/\/ake-bearings.com\/sk\/","name":"AKE Skalica","description":"Aviation &amp; Space Tech bearing production","potentialAction":[{"@type":"SearchAction","target":{"@type":"EntryPoint","urlTemplate":"https:\/\/ake-bearings.com\/sk\/?s={search_term_string}"},"query-input":{"@type":"PropertyValueSpecification","valueRequired":true,"valueName":"search_term_string"}}],"inLanguage":"sk-SK"}]}},"_links":{"self":[{"href":"https:\/\/ake-bearings.com\/sk\/wp-json\/wp\/v2\/pages\/1648","targetHints":{"allow":["GET"]}}],"collection":[{"href":"https:\/\/ake-bearings.com\/sk\/wp-json\/wp\/v2\/pages"}],"about":[{"href":"https:\/\/ake-bearings.com\/sk\/wp-json\/wp\/v2\/types\/page"}],"author":[{"embeddable":true,"href":"https:\/\/ake-bearings.com\/sk\/wp-json\/wp\/v2\/users\/1"}],"replies":[{"embeddable":true,"href":"https:\/\/ake-bearings.com\/sk\/wp-json\/wp\/v2\/comments?post=1648"}],"version-history":[{"count":3,"href":"https:\/\/ake-bearings.com\/sk\/wp-json\/wp\/v2\/pages\/1648\/revisions"}],"predecessor-version":[{"id":1997,"href":"https:\/\/ake-bearings.com\/sk\/wp-json\/wp\/v2\/pages\/1648\/revisions\/1997"}],"up":[{"embeddable":true,"href":"https:\/\/ake-bearings.com\/sk\/wp-json\/wp\/v2\/pages\/1639"}],"wp:featuredmedia":[{"embeddable":true,"href":"https:\/\/ake-bearings.com\/sk\/wp-json\/wp\/v2\/media\/1577"}],"wp:attachment":[{"href":"https:\/\/ake-bearings.com\/sk\/wp-json\/wp\/v2\/media?parent=1648"}],"curies":[{"name":"wp","href":"https:\/\/api.w.org\/{rel}","templated":true}]}}