{"id":1644,"date":"2024-03-14T13:17:00","date_gmt":"2024-03-14T12:17:00","guid":{"rendered":"https:\/\/ake-bearings.com\/letecky-priemysel-a-vesmirne-technologie\/aircraft\/"},"modified":"2024-07-12T16:28:51","modified_gmt":"2024-07-12T14:28:51","slug":"aircraft","status":"publish","type":"page","link":"https:\/\/ake-bearings.com\/sk\/odvetvia\/letectvo-vesmir\/lietadla\/","title":{"rendered":"Lietadl\u00e1"},"content":{"rendered":"\n<p>Lietadl\u00e1 nach\u00e1dzaj\u00fa vyu\u017eitie od komer\u010dn\u00fdch letov cez cargo prepravu, ktor\u00e1 zabezpe\u010duje tok tovarov po celom svete, a\u017e po \u0161peci\u00e1lne lety v r\u00e1mci zdravotn\u00edctva, vojensk\u00e9ho sektora alebo v\u00fdskumu a v\u00fdvoja.&nbsp;<\/p>\n\n\n\n<p>Ich bezchybn\u00e1 funk\u010dnos\u0165 v\u0161etk\u00fdch mus\u00ed by\u0165 zabezpe\u010den\u00e1 v ka\u017edom oh\u013eade. Pr\u00e1ve lo\u017eisk\u00e1 patria medzi d\u00f4le\u017eit\u00e9 komponenty, v\u010faka ktor\u00fdm v\u0161etky pohybliv\u00e9 \u010dasti motora pracuj\u00fa spo\u013eahlivo, hladko a efekt\u00edvne.<\/p>\n\n\n\n<p>Lo\u017eisk\u00e1 zna\u010dky AKE navrhujeme a vyr\u00e1bame tak, aby zvl\u00e1dli extr\u00e9mne teplotn\u00e9 zmeny, tlaky a r\u00fdchlosti typick\u00e9 pre leteck\u00fd priemysel. S na\u0161imi lo\u017eiskami si m\u00f4\u017eu by\u0165 v\u00fdrobcovia lietadiel po celom svete ist\u00ed, \u017ee ich stroje bud\u00fa fungova\u0165 tak ako maj\u00fa, bez oh\u013eadu na to, do ak\u00fdch podmienok bud\u00fa nasaden\u00e9.&nbsp;<\/p>\n\n\n\n<p>Vysok\u00fa kvalitu lo\u017e\u00edsk AKE uvid\u00edte ako pri v\u00fdvoji prototypov lo\u017e\u00edsk pre lietadl\u00e1 na mieru, tak aj pri v\u00fdrobe mal\u00fdch \u010di ve\u013ek\u00fdch s\u00e9ri\u00ed. Nez\u00e1le\u017e\u00ed, \u010di ide o nov\u00fa technol\u00f3giu alebo h\u013ead\u00e1te alternat\u00edvneho dod\u00e1vate\u013ea lo\u017e\u00edsk pre zabezpe\u010denie bezpe\u010dnosti dod\u00e1vok \u2013 v AKE zaru\u010dujeme individu\u00e1lny pr\u00edstup a najvy\u0161\u0161iu eur\u00f3psku kvalitu.<\/p>\n","protected":false},"excerpt":{"rendered":"<p>Lietadl\u00e1 nach\u00e1dzaj\u00fa vyu\u017eitie od komer\u010dn\u00fdch letov cez cargo prepravu, ktor\u00e1 zabezpe\u010duje tok tovarov po celom svete, a\u017e po \u0161peci\u00e1lne lety v r\u00e1mci zdravotn\u00edctva, vojensk\u00e9ho sektora alebo v\u00fdskumu a v\u00fdvoja.&nbsp; Ich bezchybn\u00e1 funk\u010dnos\u0165 v\u0161etk\u00fdch mus\u00ed by\u0165 zabezpe\u010den\u00e1 v ka\u017edom oh\u013eade. Pr\u00e1ve lo\u017eisk\u00e1 patria medzi d\u00f4le\u017eit\u00e9 komponenty, v\u010faka ktor\u00fdm v\u0161etky pohybliv\u00e9 \u010dasti motora pracuj\u00fa spo\u013eahlivo, hladko a [&hellip;]<\/p>\n","protected":false},"author":1,"featured_media":1484,"parent":1639,"menu_order":20,"comment_status":"closed","ping_status":"closed","template":"","meta":{"_acf_changed":false,"inline_featured_image":false,"footnotes":""},"class_list":["post-1644","page","type-page","status-publish","has-post-thumbnail","hentry"],"acf":[],"yoast_head":"<!-- This site is optimized with the Yoast SEO plugin v26.9 - https:\/\/yoast.com\/product\/yoast-seo-wordpress\/ -->\n<title>Lietadl\u00e1 - AKE Skalica<\/title>\n<meta name=\"robots\" content=\"index, follow, max-snippet:-1, max-image-preview:large, max-video-preview:-1\" \/>\n<link rel=\"canonical\" href=\"https:\/\/ake-bearings.com\/sk\/odvetvia\/letectvo-vesmir\/lietadla\/\" \/>\n<meta property=\"og:locale\" content=\"sk_SK\" \/>\n<meta property=\"og:type\" content=\"article\" \/>\n<meta property=\"og:title\" content=\"Lietadl\u00e1 - AKE Skalica\" \/>\n<meta property=\"og:description\" content=\"Lietadl\u00e1 nach\u00e1dzaj\u00fa vyu\u017eitie od komer\u010dn\u00fdch letov cez cargo prepravu, ktor\u00e1 zabezpe\u010duje tok tovarov po celom svete, a\u017e po \u0161peci\u00e1lne lety v r\u00e1mci zdravotn\u00edctva, vojensk\u00e9ho sektora alebo v\u00fdskumu a v\u00fdvoja.&nbsp; Ich bezchybn\u00e1 funk\u010dnos\u0165 v\u0161etk\u00fdch mus\u00ed by\u0165 zabezpe\u010den\u00e1 v ka\u017edom oh\u013eade. Pr\u00e1ve lo\u017eisk\u00e1 patria medzi d\u00f4le\u017eit\u00e9 komponenty, v\u010faka ktor\u00fdm v\u0161etky pohybliv\u00e9 \u010dasti motora pracuj\u00fa spo\u013eahlivo, hladko a [&hellip;]\" \/>\n<meta property=\"og:url\" content=\"https:\/\/ake-bearings.com\/sk\/odvetvia\/letectvo-vesmir\/lietadla\/\" \/>\n<meta property=\"og:site_name\" content=\"AKE Skalica\" \/>\n<meta property=\"article:modified_time\" content=\"2024-07-12T14:28:51+00:00\" \/>\n<meta property=\"og:image\" content=\"https:\/\/ake-bearings.com\/wp-content\/uploads\/2024\/05\/Aircraft-1.png\" \/>\n\t<meta property=\"og:image:width\" content=\"1200\" \/>\n\t<meta property=\"og:image:height\" content=\"966\" \/>\n\t<meta property=\"og:image:type\" content=\"image\/png\" \/>\n<meta name=\"twitter:card\" content=\"summary_large_image\" \/>\n<meta name=\"twitter:label1\" content=\"Predpokladan\u00fd \u010das \u010d\u00edtania\" \/>\n\t<meta name=\"twitter:data1\" content=\"1 min\u00fata\" \/>\n<script type=\"application\/ld+json\" class=\"yoast-schema-graph\">{\"@context\":\"https:\/\/schema.org\",\"@graph\":[{\"@type\":\"WebPage\",\"@id\":\"https:\/\/ake-bearings.com\/sk\/odvetvia\/letectvo-vesmir\/lietadla\/\",\"url\":\"https:\/\/ake-bearings.com\/sk\/odvetvia\/letectvo-vesmir\/lietadla\/\",\"name\":\"Lietadl\u00e1 - AKE Skalica\",\"isPartOf\":{\"@id\":\"https:\/\/ake-bearings.com\/sk\/#website\"},\"primaryImageOfPage\":{\"@id\":\"https:\/\/ake-bearings.com\/sk\/odvetvia\/letectvo-vesmir\/lietadla\/#primaryimage\"},\"image\":{\"@id\":\"https:\/\/ake-bearings.com\/sk\/odvetvia\/letectvo-vesmir\/lietadla\/#primaryimage\"},\"thumbnailUrl\":\"https:\/\/ake-bearings.com\/wp-content\/uploads\/2024\/05\/Aircraft-1.png\",\"datePublished\":\"2024-03-14T12:17:00+00:00\",\"dateModified\":\"2024-07-12T14:28:51+00:00\",\"breadcrumb\":{\"@id\":\"https:\/\/ake-bearings.com\/sk\/odvetvia\/letectvo-vesmir\/lietadla\/#breadcrumb\"},\"inLanguage\":\"sk-SK\",\"potentialAction\":[{\"@type\":\"ReadAction\",\"target\":[\"https:\/\/ake-bearings.com\/sk\/odvetvia\/letectvo-vesmir\/lietadla\/\"]}]},{\"@type\":\"ImageObject\",\"inLanguage\":\"sk-SK\",\"@id\":\"https:\/\/ake-bearings.com\/sk\/odvetvia\/letectvo-vesmir\/lietadla\/#primaryimage\",\"url\":\"https:\/\/ake-bearings.com\/wp-content\/uploads\/2024\/05\/Aircraft-1.png\",\"contentUrl\":\"https:\/\/ake-bearings.com\/wp-content\/uploads\/2024\/05\/Aircraft-1.png\",\"width\":1200,\"height\":966},{\"@type\":\"BreadcrumbList\",\"@id\":\"https:\/\/ake-bearings.com\/sk\/odvetvia\/letectvo-vesmir\/lietadla\/#breadcrumb\",\"itemListElement\":[{\"@type\":\"ListItem\",\"position\":1,\"name\":\"Home\",\"item\":\"https:\/\/ake-bearings.com\/sk\/\"},{\"@type\":\"ListItem\",\"position\":2,\"name\":\"Odvetvia\",\"item\":\"https:\/\/ake-bearings.com\/sk\/odvetvia\/\"},{\"@type\":\"ListItem\",\"position\":3,\"name\":\"Leteck\u00fd priemysel a\u00a0vesm\u00edrne technol\u00f3gie\",\"item\":\"https:\/\/ake-bearings.com\/sk\/industries\/aviation-space-tech\/\"},{\"@type\":\"ListItem\",\"position\":4,\"name\":\"Lietadl\u00e1\"}]},{\"@type\":\"WebSite\",\"@id\":\"https:\/\/ake-bearings.com\/sk\/#website\",\"url\":\"https:\/\/ake-bearings.com\/sk\/\",\"name\":\"AKE Skalica\",\"description\":\"Aviation &amp; Space Tech bearing production\",\"potentialAction\":[{\"@type\":\"SearchAction\",\"target\":{\"@type\":\"EntryPoint\",\"urlTemplate\":\"https:\/\/ake-bearings.com\/sk\/?s={search_term_string}\"},\"query-input\":{\"@type\":\"PropertyValueSpecification\",\"valueRequired\":true,\"valueName\":\"search_term_string\"}}],\"inLanguage\":\"sk-SK\"}]}<\/script>\n<!-- \/ Yoast SEO plugin. -->","yoast_head_json":{"title":"Lietadl\u00e1 - AKE Skalica","robots":{"index":"index","follow":"follow","max-snippet":"max-snippet:-1","max-image-preview":"max-image-preview:large","max-video-preview":"max-video-preview:-1"},"canonical":"https:\/\/ake-bearings.com\/sk\/odvetvia\/letectvo-vesmir\/lietadla\/","og_locale":"sk_SK","og_type":"article","og_title":"Lietadl\u00e1 - AKE Skalica","og_description":"Lietadl\u00e1 nach\u00e1dzaj\u00fa vyu\u017eitie od komer\u010dn\u00fdch letov cez cargo prepravu, ktor\u00e1 zabezpe\u010duje tok tovarov po celom svete, a\u017e po \u0161peci\u00e1lne lety v r\u00e1mci zdravotn\u00edctva, vojensk\u00e9ho sektora alebo v\u00fdskumu a v\u00fdvoja.&nbsp; Ich bezchybn\u00e1 funk\u010dnos\u0165 v\u0161etk\u00fdch mus\u00ed by\u0165 zabezpe\u010den\u00e1 v ka\u017edom oh\u013eade. Pr\u00e1ve lo\u017eisk\u00e1 patria medzi d\u00f4le\u017eit\u00e9 komponenty, v\u010faka ktor\u00fdm v\u0161etky pohybliv\u00e9 \u010dasti motora pracuj\u00fa spo\u013eahlivo, hladko a [&hellip;]","og_url":"https:\/\/ake-bearings.com\/sk\/odvetvia\/letectvo-vesmir\/lietadla\/","og_site_name":"AKE Skalica","article_modified_time":"2024-07-12T14:28:51+00:00","og_image":[{"width":1200,"height":966,"url":"https:\/\/ake-bearings.com\/wp-content\/uploads\/2024\/05\/Aircraft-1.png","type":"image\/png"}],"twitter_card":"summary_large_image","twitter_misc":{"Predpokladan\u00fd \u010das \u010d\u00edtania":"1 min\u00fata"},"schema":{"@context":"https:\/\/schema.org","@graph":[{"@type":"WebPage","@id":"https:\/\/ake-bearings.com\/sk\/odvetvia\/letectvo-vesmir\/lietadla\/","url":"https:\/\/ake-bearings.com\/sk\/odvetvia\/letectvo-vesmir\/lietadla\/","name":"Lietadl\u00e1 - AKE Skalica","isPartOf":{"@id":"https:\/\/ake-bearings.com\/sk\/#website"},"primaryImageOfPage":{"@id":"https:\/\/ake-bearings.com\/sk\/odvetvia\/letectvo-vesmir\/lietadla\/#primaryimage"},"image":{"@id":"https:\/\/ake-bearings.com\/sk\/odvetvia\/letectvo-vesmir\/lietadla\/#primaryimage"},"thumbnailUrl":"https:\/\/ake-bearings.com\/wp-content\/uploads\/2024\/05\/Aircraft-1.png","datePublished":"2024-03-14T12:17:00+00:00","dateModified":"2024-07-12T14:28:51+00:00","breadcrumb":{"@id":"https:\/\/ake-bearings.com\/sk\/odvetvia\/letectvo-vesmir\/lietadla\/#breadcrumb"},"inLanguage":"sk-SK","potentialAction":[{"@type":"ReadAction","target":["https:\/\/ake-bearings.com\/sk\/odvetvia\/letectvo-vesmir\/lietadla\/"]}]},{"@type":"ImageObject","inLanguage":"sk-SK","@id":"https:\/\/ake-bearings.com\/sk\/odvetvia\/letectvo-vesmir\/lietadla\/#primaryimage","url":"https:\/\/ake-bearings.com\/wp-content\/uploads\/2024\/05\/Aircraft-1.png","contentUrl":"https:\/\/ake-bearings.com\/wp-content\/uploads\/2024\/05\/Aircraft-1.png","width":1200,"height":966},{"@type":"BreadcrumbList","@id":"https:\/\/ake-bearings.com\/sk\/odvetvia\/letectvo-vesmir\/lietadla\/#breadcrumb","itemListElement":[{"@type":"ListItem","position":1,"name":"Home","item":"https:\/\/ake-bearings.com\/sk\/"},{"@type":"ListItem","position":2,"name":"Odvetvia","item":"https:\/\/ake-bearings.com\/sk\/odvetvia\/"},{"@type":"ListItem","position":3,"name":"Leteck\u00fd priemysel a\u00a0vesm\u00edrne technol\u00f3gie","item":"https:\/\/ake-bearings.com\/sk\/industries\/aviation-space-tech\/"},{"@type":"ListItem","position":4,"name":"Lietadl\u00e1"}]},{"@type":"WebSite","@id":"https:\/\/ake-bearings.com\/sk\/#website","url":"https:\/\/ake-bearings.com\/sk\/","name":"AKE Skalica","description":"Aviation &amp; Space Tech bearing production","potentialAction":[{"@type":"SearchAction","target":{"@type":"EntryPoint","urlTemplate":"https:\/\/ake-bearings.com\/sk\/?s={search_term_string}"},"query-input":{"@type":"PropertyValueSpecification","valueRequired":true,"valueName":"search_term_string"}}],"inLanguage":"sk-SK"}]}},"_links":{"self":[{"href":"https:\/\/ake-bearings.com\/sk\/wp-json\/wp\/v2\/pages\/1644","targetHints":{"allow":["GET"]}}],"collection":[{"href":"https:\/\/ake-bearings.com\/sk\/wp-json\/wp\/v2\/pages"}],"about":[{"href":"https:\/\/ake-bearings.com\/sk\/wp-json\/wp\/v2\/types\/page"}],"author":[{"embeddable":true,"href":"https:\/\/ake-bearings.com\/sk\/wp-json\/wp\/v2\/users\/1"}],"replies":[{"embeddable":true,"href":"https:\/\/ake-bearings.com\/sk\/wp-json\/wp\/v2\/comments?post=1644"}],"version-history":[{"count":4,"href":"https:\/\/ake-bearings.com\/sk\/wp-json\/wp\/v2\/pages\/1644\/revisions"}],"predecessor-version":[{"id":1996,"href":"https:\/\/ake-bearings.com\/sk\/wp-json\/wp\/v2\/pages\/1644\/revisions\/1996"}],"up":[{"embeddable":true,"href":"https:\/\/ake-bearings.com\/sk\/wp-json\/wp\/v2\/pages\/1639"}],"wp:featuredmedia":[{"embeddable":true,"href":"https:\/\/ake-bearings.com\/sk\/wp-json\/wp\/v2\/media\/1484"}],"wp:attachment":[{"href":"https:\/\/ake-bearings.com\/sk\/wp-json\/wp\/v2\/media?parent=1644"}],"curies":[{"name":"wp","href":"https:\/\/api.w.org\/{rel}","templated":true}]}}